{"id":612,"date":"2023-05-04T11:16:47","date_gmt":"2023-05-04T15:16:47","guid":{"rendered":"https:\/\/lamaisonnee.org\/?page_id=612"},"modified":"2026-02-19T11:25:09","modified_gmt":"2026-02-19T16:25:09","slug":"actualites","status":"publish","type":"page","link":"https:\/\/lamaisonnee.org\/fr\/actualites\/","title":{"rendered":"Actualit\u00e9s"},"content":{"rendered":"","protected":false},"excerpt":{"rendered":"","protected":false},"author":2,"featured_media":197,"parent":0,"menu_order":5,"comment_status":"closed","ping_status":"closed","template":"page-templates\/templates-articles.php","meta":{"_acf_changed":false,"footnotes":""},"class_list":["post-612","page","type-page","status-publish","has-post-thumbnail","hentry"],"acf":{"general_content":"","show_highlightpub":true,"highlightpub_anchor":"","highlightpub_title":"Publications \u00e0 la une","highlightpub_pub":[151948],"show_newpub":true,"show_listpub":true,"newpub_anchor":"","newpub_title":"Nos derni\u00e8res publications","listpub_anchor":""},"yoast_head":"<!-- This site is optimized with the Yoast SEO plugin v26.4 - https:\/\/yoast.com\/wordpress\/plugins\/seo\/ -->\n<title>Actualit\u00e9s - La Maisonn\u00e9e<\/title>\n<meta name=\"description\" content=\"D\u00e9couvrez nos actualit\u00e9s et publications \u00e0 la une ! Articles, communiqu\u00e9s, \u00e9v\u00e8nements, vous trouverez tout ce dont vous avez besoin.\" \/>\n<meta name=\"robots\" content=\"index, follow, max-snippet:-1, max-image-preview:large, max-video-preview:-1\" \/>\n<link rel=\"canonical\" href=\"https:\/\/lamaisonnee.org\/fr\/actualites\/\" \/>\n<meta property=\"og:locale\" content=\"fr_FR\" \/>\n<meta property=\"og:type\" content=\"article\" \/>\n<meta property=\"og:title\" content=\"Actualit\u00e9s - La Maisonn\u00e9e\" \/>\n<meta property=\"og:description\" content=\"D\u00e9couvrez nos actualit\u00e9s et publications \u00e0 la une ! Articles, communiqu\u00e9s, \u00e9v\u00e8nements, vous trouverez tout ce dont vous avez besoin.\" \/>\n<meta property=\"og:url\" content=\"https:\/\/lamaisonnee.org\/fr\/actualites\/\" \/>\n<meta property=\"og:site_name\" content=\"La Maisonn\u00e9e\" \/>\n<meta property=\"article:modified_time\" content=\"2026-02-19T16:25:09+00:00\" \/>\n<meta property=\"og:image\" content=\"https:\/\/lamaisonnee.org\/wp-content\/uploads\/2023\/04\/seances_collectives1-scaled.jpg\" \/>\n\t<meta property=\"og:image:width\" content=\"2560\" \/>\n\t<meta property=\"og:image:height\" content=\"1920\" \/>\n\t<meta property=\"og:image:type\" content=\"image\/jpeg\" \/>\n<meta name=\"twitter:card\" content=\"summary_large_image\" \/>\n<meta name=\"twitter:label1\" content=\"Dur\u00e9e de lecture estim\u00e9e\" \/>\n\t<meta name=\"twitter:data1\" content=\"1 minute\" \/>\n<script type=\"application\/ld+json\" class=\"yoast-schema-graph\">{\"@context\":\"https:\/\/schema.org\",\"@graph\":[{\"@type\":\"WebPage\",\"@id\":\"https:\/\/lamaisonnee.org\/fr\/actualites\/\",\"url\":\"https:\/\/lamaisonnee.org\/fr\/actualites\/\",\"name\":\"Actualit\u00e9s - La Maisonn\u00e9e\",\"isPartOf\":{\"@id\":\"https:\/\/lamaisonnee.org\/fr\/#website\"},\"primaryImageOfPage\":{\"@id\":\"https:\/\/lamaisonnee.org\/fr\/actualites\/#primaryimage\"},\"image\":{\"@id\":\"https:\/\/lamaisonnee.org\/fr\/actualites\/#primaryimage\"},\"thumbnailUrl\":\"https:\/\/lamaisonnee.org\/wp-content\/uploads\/2023\/04\/seances_collectives1-scaled.jpg\",\"datePublished\":\"2023-05-04T15:16:47+00:00\",\"dateModified\":\"2026-02-19T16:25:09+00:00\",\"description\":\"D\u00e9couvrez nos actualit\u00e9s et publications \u00e0 la une ! Articles, communiqu\u00e9s, \u00e9v\u00e8nements, vous trouverez tout ce dont vous avez besoin.\",\"breadcrumb\":{\"@id\":\"https:\/\/lamaisonnee.org\/fr\/actualites\/#breadcrumb\"},\"inLanguage\":\"fr-FR\",\"potentialAction\":[{\"@type\":\"ReadAction\",\"target\":[\"https:\/\/lamaisonnee.org\/fr\/actualites\/\"]}]},{\"@type\":\"ImageObject\",\"inLanguage\":\"fr-FR\",\"@id\":\"https:\/\/lamaisonnee.org\/fr\/actualites\/#primaryimage\",\"url\":\"https:\/\/lamaisonnee.org\/wp-content\/uploads\/2023\/04\/seances_collectives1-scaled.jpg\",\"contentUrl\":\"https:\/\/lamaisonnee.org\/wp-content\/uploads\/2023\/04\/seances_collectives1-scaled.jpg\",\"width\":2560,\"height\":1920},{\"@type\":\"BreadcrumbList\",\"@id\":\"https:\/\/lamaisonnee.org\/fr\/actualites\/#breadcrumb\",\"itemListElement\":[{\"@type\":\"ListItem\",\"position\":1,\"name\":\"Accueil\",\"item\":\"https:\/\/lamaisonnee.org\/fr\/\"},{\"@type\":\"ListItem\",\"position\":2,\"name\":\"Actualit\u00e9s\"}]},{\"@type\":\"WebSite\",\"@id\":\"https:\/\/lamaisonnee.org\/fr\/#website\",\"url\":\"https:\/\/lamaisonnee.org\/fr\/\",\"name\":\"La Maisonn\u00e9e\",\"description\":\"Aide aux immigrants\",\"potentialAction\":[{\"@type\":\"SearchAction\",\"target\":{\"@type\":\"EntryPoint\",\"urlTemplate\":\"https:\/\/lamaisonnee.org\/fr\/?s={search_term_string}\"},\"query-input\":{\"@type\":\"PropertyValueSpecification\",\"valueRequired\":true,\"valueName\":\"search_term_string\"}}],\"inLanguage\":\"fr-FR\"}]}<\/script>\n<!-- \/ Yoast SEO plugin. -->","yoast_head_json":{"title":"Actualit\u00e9s - La Maisonn\u00e9e","description":"D\u00e9couvrez nos actualit\u00e9s et publications \u00e0 la une ! Articles, communiqu\u00e9s, \u00e9v\u00e8nements, vous trouverez tout ce dont vous avez besoin.","robots":{"index":"index","follow":"follow","max-snippet":"max-snippet:-1","max-image-preview":"max-image-preview:large","max-video-preview":"max-video-preview:-1"},"canonical":"https:\/\/lamaisonnee.org\/fr\/actualites\/","og_locale":"fr_FR","og_type":"article","og_title":"Actualit\u00e9s - La Maisonn\u00e9e","og_description":"D\u00e9couvrez nos actualit\u00e9s et publications \u00e0 la une ! Articles, communiqu\u00e9s, \u00e9v\u00e8nements, vous trouverez tout ce dont vous avez besoin.","og_url":"https:\/\/lamaisonnee.org\/fr\/actualites\/","og_site_name":"La Maisonn\u00e9e","article_modified_time":"2026-02-19T16:25:09+00:00","og_image":[{"width":2560,"height":1920,"url":"https:\/\/lamaisonnee.org\/wp-content\/uploads\/2023\/04\/seances_collectives1-scaled.jpg","type":"image\/jpeg"}],"twitter_card":"summary_large_image","twitter_misc":{"Dur\u00e9e de lecture estim\u00e9e":"1 minute"},"schema":{"@context":"https:\/\/schema.org","@graph":[{"@type":"WebPage","@id":"https:\/\/lamaisonnee.org\/fr\/actualites\/","url":"https:\/\/lamaisonnee.org\/fr\/actualites\/","name":"Actualit\u00e9s - La Maisonn\u00e9e","isPartOf":{"@id":"https:\/\/lamaisonnee.org\/fr\/#website"},"primaryImageOfPage":{"@id":"https:\/\/lamaisonnee.org\/fr\/actualites\/#primaryimage"},"image":{"@id":"https:\/\/lamaisonnee.org\/fr\/actualites\/#primaryimage"},"thumbnailUrl":"https:\/\/lamaisonnee.org\/wp-content\/uploads\/2023\/04\/seances_collectives1-scaled.jpg","datePublished":"2023-05-04T15:16:47+00:00","dateModified":"2026-02-19T16:25:09+00:00","description":"D\u00e9couvrez nos actualit\u00e9s et publications \u00e0 la une ! Articles, communiqu\u00e9s, \u00e9v\u00e8nements, vous trouverez tout ce dont vous avez besoin.","breadcrumb":{"@id":"https:\/\/lamaisonnee.org\/fr\/actualites\/#breadcrumb"},"inLanguage":"fr-FR","potentialAction":[{"@type":"ReadAction","target":["https:\/\/lamaisonnee.org\/fr\/actualites\/"]}]},{"@type":"ImageObject","inLanguage":"fr-FR","@id":"https:\/\/lamaisonnee.org\/fr\/actualites\/#primaryimage","url":"https:\/\/lamaisonnee.org\/wp-content\/uploads\/2023\/04\/seances_collectives1-scaled.jpg","contentUrl":"https:\/\/lamaisonnee.org\/wp-content\/uploads\/2023\/04\/seances_collectives1-scaled.jpg","width":2560,"height":1920},{"@type":"BreadcrumbList","@id":"https:\/\/lamaisonnee.org\/fr\/actualites\/#breadcrumb","itemListElement":[{"@type":"ListItem","position":1,"name":"Accueil","item":"https:\/\/lamaisonnee.org\/fr\/"},{"@type":"ListItem","position":2,"name":"Actualit\u00e9s"}]},{"@type":"WebSite","@id":"https:\/\/lamaisonnee.org\/fr\/#website","url":"https:\/\/lamaisonnee.org\/fr\/","name":"La Maisonn\u00e9e","description":"Aide aux immigrants","potentialAction":[{"@type":"SearchAction","target":{"@type":"EntryPoint","urlTemplate":"https:\/\/lamaisonnee.org\/fr\/?s={search_term_string}"},"query-input":{"@type":"PropertyValueSpecification","valueRequired":true,"valueName":"search_term_string"}}],"inLanguage":"fr-FR"}]}},"_links":{"self":[{"href":"https:\/\/lamaisonnee.org\/fr\/wp-json\/wp\/v2\/pages\/612","targetHints":{"allow":["GET"]}}],"collection":[{"href":"https:\/\/lamaisonnee.org\/fr\/wp-json\/wp\/v2\/pages"}],"about":[{"href":"https:\/\/lamaisonnee.org\/fr\/wp-json\/wp\/v2\/types\/page"}],"author":[{"embeddable":true,"href":"https:\/\/lamaisonnee.org\/fr\/wp-json\/wp\/v2\/users\/2"}],"replies":[{"embeddable":true,"href":"https:\/\/lamaisonnee.org\/fr\/wp-json\/wp\/v2\/comments?post=612"}],"version-history":[{"count":49,"href":"https:\/\/lamaisonnee.org\/fr\/wp-json\/wp\/v2\/pages\/612\/revisions"}],"predecessor-version":[{"id":152241,"href":"https:\/\/lamaisonnee.org\/fr\/wp-json\/wp\/v2\/pages\/612\/revisions\/152241"}],"wp:featuredmedia":[{"embeddable":true,"href":"https:\/\/lamaisonnee.org\/fr\/wp-json\/wp\/v2\/media\/197"}],"wp:attachment":[{"href":"https:\/\/lamaisonnee.org\/fr\/wp-json\/wp\/v2\/media?parent=612"}],"curies":[{"name":"wp","href":"https:\/\/api.w.org\/{rel}","templated":true}]}}