{"id":554,"date":"2023-05-03T13:45:55","date_gmt":"2023-05-03T17:45:55","guid":{"rendered":"https:\/\/lamaisonnee.org\/?page_id=554"},"modified":"2026-01-22T11:51:08","modified_gmt":"2026-01-22T16:51:08","slug":"carrieres","status":"publish","type":"page","link":"https:\/\/lamaisonnee.org\/fr\/carrieres\/","title":{"rendered":"Carri\u00e8res"},"content":{"rendered":"","protected":false},"excerpt":{"rendered":"","protected":false},"author":2,"featured_media":0,"parent":0,"menu_order":4,"comment_status":"closed","ping_status":"closed","template":"page-templates\/template-jobs.php","meta":{"_acf_changed":false,"footnotes":""},"class_list":["post-554","page","type-page","status-publish","hentry"],"acf":{"general_content":"","show_headerjob":true,"headerjob_anchor":"","headerjob_title":"Carri\u00e8res","headerjob_text":"<p>Notre \u00e9quipe multidisciplinaire et multiethnique offre une \u00e9coute et un savoir-faire en plusieurs langues dans un contexte chaleureux et \u00e0 visage humain. Il y a toujours une place pour <b>rejoindre notre \u00e9quipe<\/b>!<\/p>\n","headerjob_link":{"title":"Mais qui sommes-nous?","url":"https:\/\/lamaisonnee.org\/fr\/a-propos\/","target":""},"headerjob_img":"https:\/\/lamaisonnee.org\/wp-content\/uploads\/2025\/03\/P1030692-scaled.jpg","show_careerjob":true,"show_contban":true,"contban_anchor":"","contban_title":"Notre \u00e9quipe","contban_text":"Notre \u00e9quipe multidisciplinaire et multiethnique offre une \u00e9coute et un savoir-faire en plusieurs langues dans un contexte chaleureux et \u00e0 visage humain.","contban_link":{"title":"D\u00e9couvrir notre \u00e9quipe","url":"https:\/\/lamaisonnee.org\/fr\/equipe\/","target":""},"careerjob_anchor":"","careerjob_title":"Notre \u00e9quipe cherche activement","careerjob_list":[14400]},"yoast_head":"<!-- This site is optimized with the Yoast SEO plugin v26.4 - https:\/\/yoast.com\/wordpress\/plugins\/seo\/ -->\n<title>Carri\u00e8res - La Maisonn\u00e9e<\/title>\n<meta name=\"description\" content=\"Faites carri\u00e8re chez nous et d\u00e9couvrez notre accueil chaleureux, repr\u00e9sentatif de nos valeurs et de celles du Qu\u00e9bec !\" \/>\n<meta name=\"robots\" content=\"index, follow, max-snippet:-1, max-image-preview:large, max-video-preview:-1\" \/>\n<link rel=\"canonical\" href=\"https:\/\/lamaisonnee.org\/fr\/carrieres\/\" \/>\n<meta property=\"og:locale\" content=\"fr_FR\" \/>\n<meta property=\"og:type\" content=\"article\" \/>\n<meta property=\"og:title\" content=\"Carri\u00e8res - La Maisonn\u00e9e\" \/>\n<meta property=\"og:description\" content=\"Faites carri\u00e8re chez nous et d\u00e9couvrez notre accueil chaleureux, repr\u00e9sentatif de nos valeurs et de celles du Qu\u00e9bec !\" \/>\n<meta property=\"og:url\" content=\"https:\/\/lamaisonnee.org\/fr\/carrieres\/\" \/>\n<meta property=\"og:site_name\" content=\"La Maisonn\u00e9e\" \/>\n<meta property=\"article:modified_time\" content=\"2026-01-22T16:51:08+00:00\" \/>\n<meta name=\"twitter:card\" content=\"summary_large_image\" \/>\n<script type=\"application\/ld+json\" class=\"yoast-schema-graph\">{\"@context\":\"https:\/\/schema.org\",\"@graph\":[{\"@type\":\"WebPage\",\"@id\":\"https:\/\/lamaisonnee.org\/fr\/carrieres\/\",\"url\":\"https:\/\/lamaisonnee.org\/fr\/carrieres\/\",\"name\":\"Carri\u00e8res - La Maisonn\u00e9e\",\"isPartOf\":{\"@id\":\"https:\/\/lamaisonnee.org\/fr\/#website\"},\"datePublished\":\"2023-05-03T17:45:55+00:00\",\"dateModified\":\"2026-01-22T16:51:08+00:00\",\"description\":\"Faites carri\u00e8re chez nous et d\u00e9couvrez notre accueil chaleureux, repr\u00e9sentatif de nos valeurs et de celles du Qu\u00e9bec !\",\"breadcrumb\":{\"@id\":\"https:\/\/lamaisonnee.org\/fr\/carrieres\/#breadcrumb\"},\"inLanguage\":\"fr-FR\",\"potentialAction\":[{\"@type\":\"ReadAction\",\"target\":[\"https:\/\/lamaisonnee.org\/fr\/carrieres\/\"]}]},{\"@type\":\"BreadcrumbList\",\"@id\":\"https:\/\/lamaisonnee.org\/fr\/carrieres\/#breadcrumb\",\"itemListElement\":[{\"@type\":\"ListItem\",\"position\":1,\"name\":\"Accueil\",\"item\":\"https:\/\/lamaisonnee.org\/fr\/\"},{\"@type\":\"ListItem\",\"position\":2,\"name\":\"Carri\u00e8res\"}]},{\"@type\":\"WebSite\",\"@id\":\"https:\/\/lamaisonnee.org\/fr\/#website\",\"url\":\"https:\/\/lamaisonnee.org\/fr\/\",\"name\":\"La Maisonn\u00e9e\",\"description\":\"Aide aux immigrants\",\"potentialAction\":[{\"@type\":\"SearchAction\",\"target\":{\"@type\":\"EntryPoint\",\"urlTemplate\":\"https:\/\/lamaisonnee.org\/fr\/?s={search_term_string}\"},\"query-input\":{\"@type\":\"PropertyValueSpecification\",\"valueRequired\":true,\"valueName\":\"search_term_string\"}}],\"inLanguage\":\"fr-FR\"}]}<\/script>\n<!-- \/ Yoast SEO plugin. -->","yoast_head_json":{"title":"Carri\u00e8res - La Maisonn\u00e9e","description":"Faites carri\u00e8re chez nous et d\u00e9couvrez notre accueil chaleureux, repr\u00e9sentatif de nos valeurs et de celles du Qu\u00e9bec !","robots":{"index":"index","follow":"follow","max-snippet":"max-snippet:-1","max-image-preview":"max-image-preview:large","max-video-preview":"max-video-preview:-1"},"canonical":"https:\/\/lamaisonnee.org\/fr\/carrieres\/","og_locale":"fr_FR","og_type":"article","og_title":"Carri\u00e8res - La Maisonn\u00e9e","og_description":"Faites carri\u00e8re chez nous et d\u00e9couvrez notre accueil chaleureux, repr\u00e9sentatif de nos valeurs et de celles du Qu\u00e9bec !","og_url":"https:\/\/lamaisonnee.org\/fr\/carrieres\/","og_site_name":"La Maisonn\u00e9e","article_modified_time":"2026-01-22T16:51:08+00:00","twitter_card":"summary_large_image","schema":{"@context":"https:\/\/schema.org","@graph":[{"@type":"WebPage","@id":"https:\/\/lamaisonnee.org\/fr\/carrieres\/","url":"https:\/\/lamaisonnee.org\/fr\/carrieres\/","name":"Carri\u00e8res - La Maisonn\u00e9e","isPartOf":{"@id":"https:\/\/lamaisonnee.org\/fr\/#website"},"datePublished":"2023-05-03T17:45:55+00:00","dateModified":"2026-01-22T16:51:08+00:00","description":"Faites carri\u00e8re chez nous et d\u00e9couvrez notre accueil chaleureux, repr\u00e9sentatif de nos valeurs et de celles du Qu\u00e9bec !","breadcrumb":{"@id":"https:\/\/lamaisonnee.org\/fr\/carrieres\/#breadcrumb"},"inLanguage":"fr-FR","potentialAction":[{"@type":"ReadAction","target":["https:\/\/lamaisonnee.org\/fr\/carrieres\/"]}]},{"@type":"BreadcrumbList","@id":"https:\/\/lamaisonnee.org\/fr\/carrieres\/#breadcrumb","itemListElement":[{"@type":"ListItem","position":1,"name":"Accueil","item":"https:\/\/lamaisonnee.org\/fr\/"},{"@type":"ListItem","position":2,"name":"Carri\u00e8res"}]},{"@type":"WebSite","@id":"https:\/\/lamaisonnee.org\/fr\/#website","url":"https:\/\/lamaisonnee.org\/fr\/","name":"La Maisonn\u00e9e","description":"Aide aux immigrants","potentialAction":[{"@type":"SearchAction","target":{"@type":"EntryPoint","urlTemplate":"https:\/\/lamaisonnee.org\/fr\/?s={search_term_string}"},"query-input":{"@type":"PropertyValueSpecification","valueRequired":true,"valueName":"search_term_string"}}],"inLanguage":"fr-FR"}]}},"_links":{"self":[{"href":"https:\/\/lamaisonnee.org\/fr\/wp-json\/wp\/v2\/pages\/554","targetHints":{"allow":["GET"]}}],"collection":[{"href":"https:\/\/lamaisonnee.org\/fr\/wp-json\/wp\/v2\/pages"}],"about":[{"href":"https:\/\/lamaisonnee.org\/fr\/wp-json\/wp\/v2\/types\/page"}],"author":[{"embeddable":true,"href":"https:\/\/lamaisonnee.org\/fr\/wp-json\/wp\/v2\/users\/2"}],"replies":[{"embeddable":true,"href":"https:\/\/lamaisonnee.org\/fr\/wp-json\/wp\/v2\/comments?post=554"}],"version-history":[{"count":17,"href":"https:\/\/lamaisonnee.org\/fr\/wp-json\/wp\/v2\/pages\/554\/revisions"}],"predecessor-version":[{"id":151659,"href":"https:\/\/lamaisonnee.org\/fr\/wp-json\/wp\/v2\/pages\/554\/revisions\/151659"}],"wp:attachment":[{"href":"https:\/\/lamaisonnee.org\/fr\/wp-json\/wp\/v2\/media?parent=554"}],"curies":[{"name":"wp","href":"https:\/\/api.w.org\/{rel}","templated":true}]}}