{"id":487,"date":"2023-05-01T14:30:18","date_gmt":"2023-05-01T18:30:18","guid":{"rendered":"https:\/\/lamaisonnee.org\/?page_id=487"},"modified":"2023-05-12T14:00:29","modified_gmt":"2023-05-12T18:00:29","slug":"membres","status":"publish","type":"page","link":"https:\/\/lamaisonnee.org\/fr\/membres\/","title":{"rendered":"Membres"},"content":{"rendered":"","protected":false},"excerpt":{"rendered":"","protected":false},"author":2,"featured_media":0,"parent":0,"menu_order":9,"comment_status":"closed","ping_status":"closed","template":"page-templates\/template-members.php","meta":{"_acf_changed":false,"footnotes":""},"class_list":["post-487","page","type-page","status-publish","hentry"],"acf":{"general_content":"","show_headermem":true,"headermem_anchor":"","headermem_title":"Devenir membre","headermem_text":"<p>Vous souhaitez <b>faire davantage partie<\/b> de notre communaut\u00e9 \u00e0 La Maisonn\u00e9e ? Nous offrons un moyen de vous investir pleinement dans <b>l\u2019implication citoyenne et communautaire<\/b> de notre organisme en devenant membre \u00e0 part enti\u00e8re de <b>notre famille<\/b> !<\/p>\n","headermem_link":{"title":"Obtenir plus de renseignements","url":"mailto:info@lamaisonnee.org","target":""},"headermem_img":"https:\/\/lamaisonnee.org\/wp-content\/uploads\/2023\/05\/Header_Devenir_Membre.png","show_typemem":true,"typemem_anchor":"","typemem_title":"Les 2 types de membres","typemem_list":[{"title":"Membres <b>actifs<\/b>","allowed":"Les usagers et b\u00e9n\u00e9voles de l\u2019organisme ainsi que toute personne qui contribue \u00e0 la r\u00e9alisation des objectifs de l\u2019organisme et qui se conforme aux conditions. ","restricted":"Les employ\u00e9s de La Maisonn\u00e9e ainsi que les associations de personnes ne peuvent devenir membres actifs.","conditions":"<ul>\n<li>Souscrire aux objectifs de l\u2019organisme ;<\/li>\n<li>S\u2019engager \u00e0 contribuer \u00e0 la r\u00e9alisation de ces objectifs ;<\/li>\n<li>Se faire promoteur de la mission, des valeurs et des objectifs de LM ;<\/li>\n<li>Avoir \u00e9t\u00e9 membre sympathisant pendant au moins une ann\u00e9e ou avoir effectu\u00e9 50 heures de b\u00e9n\u00e9volat \u00e0 LM durant les 12 derniers mois ou avoir \u00e9t\u00e9 coopt\u00e9 par le C.A. ;<\/li>\n<li>Remplir le formulaire pr\u00e9vu \u00e0 cet effet ;<\/li>\n<li>Payer sa cotisation annuelle.<\/li>\n<\/ul>\n","rights":"<ul>\n<li>Droit de vote lors des assembl\u00e9es g\u00e9n\u00e9rales et sp\u00e9ciales ;<\/li>\n<li>Droit d\u2019\u00eatre \u00e9lu au sein du conseil d\u2019administration de La Maisonn\u00e9e ;<\/li>\n<li>Droit d\u2019assister aux r\u00e9unions r\u00e9guli\u00e8res du conseil d\u2019administration pour poser des questions ou apporter des suggestions lors de la p\u00e9riode allou\u00e9e \u00e0 cette fin. Pour ce faire, les membres doivent avertir le pr\u00e9sident du conseil par \u00e9crit au moins 24h. avant la tenue de la r\u00e9union en mentionnant les buts de cette requ\u00eate.<\/li>\n<\/ul>\n"},{"title":"Membres <b>sympathisants<\/b>","allowed":"Tout individu ne remplissant pas les conditions pour devenir membre actif et qui partage les objectifs de La Maisonn\u00e9e. ","restricted":"En outre un employ\u00e9 de La Maisonn\u00e9e ne peut devenir membre qu\u2019une ann\u00e9e apr\u00e8s avoir quitt\u00e9 l\u2019organisme.","conditions":"<ul>\n<li>Souscrire aux objectifs de la corporation ;<\/li>\n<li>En faire la demande en remplissant le formulaire pr\u00e9vu \u00e0 cet effet ;<\/li>\n<li>Payer sa cotisation annuelle.<\/li>\n<\/ul>\n","rights":"<ul>\n<li>Droit de participer aux assembl\u00e9es g\u00e9n\u00e9rales et sp\u00e9ciales \u00e0 titre d\u2019observateur avec droit de parole, mais sans droit de vote ;<\/li>\n<li>Droit d\u2019assister aux r\u00e9unions r\u00e9guli\u00e8res du conseil d\u2019administration conform\u00e9ment aux dispositions pr\u00e9vues \u00e0 cet effet pour les membres actifs.<\/li>\n<\/ul>\n"}],"show_admimem":true,"admimem_anchor":"","admimem_title":"Modalit\u00e9s d\u2019admission","admimem_list":[{"title":"Cotisations","text":"Le Conseil d\u2019administration fixe par r\u00e9solution le montant des cotisations annuelles des membres de chaque cat\u00e9gorie conform\u00e9ment aux besoins de La Maisonn\u00e9e."},{"title":"D\u00e9mission","text":"Tout membre actif ou sympathisant peut r\u00e9silier son adh\u00e9sion en faisant parvenir un avis \u00e9crit \u00e0 cet effet au secr\u00e9taire de La Maisonn\u00e9e."},{"title":"Suspension et exclusion","text":"Le conseil d\u2019administration peut, en raison des activit\u00e9s nuisibles aux int\u00e9r\u00eats et objectifs de l\u2019organisme, suspendre ou exclure un membre actif ou sympathisant. Cette suspension ou exclusion doit \u00eatre motiv\u00e9e par \u00e9crit. Le membre ainsi suspendu ou exclu pourra se faire entendre lors d\u2019une s\u00e9ance du Conseil d\u2019administration."},{"title":"Registre des membres","text":"Le secr\u00e9taire de La Maisonn\u00e9e tient \u00e0 jour un registre o\u00f9 est inscrit le nom des membres en r\u00e8gle selon leur cat\u00e9gorie. Les membres qui n\u2019ont pas renouvel\u00e9 leur adh\u00e9sion depuis plus d\u2019un an voient leur nom ray\u00e9 du registre."}]},"yoast_head":"<!-- This site is optimized with the Yoast SEO plugin v26.4 - https:\/\/yoast.com\/wordpress\/plugins\/seo\/ -->\n<title>Membres - La Maisonn\u00e9e<\/title>\n<meta name=\"robots\" content=\"index, follow, max-snippet:-1, max-image-preview:large, max-video-preview:-1\" \/>\n<link rel=\"canonical\" href=\"https:\/\/lamaisonnee.org\/fr\/membres\/\" \/>\n<meta property=\"og:locale\" content=\"fr_FR\" \/>\n<meta property=\"og:type\" content=\"article\" \/>\n<meta property=\"og:title\" content=\"Membres - La Maisonn\u00e9e\" \/>\n<meta property=\"og:url\" content=\"https:\/\/lamaisonnee.org\/fr\/membres\/\" \/>\n<meta property=\"og:site_name\" content=\"La Maisonn\u00e9e\" \/>\n<meta property=\"article:modified_time\" content=\"2023-05-12T18:00:29+00:00\" \/>\n<meta name=\"twitter:card\" content=\"summary_large_image\" \/>\n<script type=\"application\/ld+json\" class=\"yoast-schema-graph\">{\"@context\":\"https:\/\/schema.org\",\"@graph\":[{\"@type\":\"WebPage\",\"@id\":\"https:\/\/lamaisonnee.org\/fr\/membres\/\",\"url\":\"https:\/\/lamaisonnee.org\/fr\/membres\/\",\"name\":\"Membres - La Maisonn\u00e9e\",\"isPartOf\":{\"@id\":\"https:\/\/lamaisonnee.org\/fr\/#website\"},\"datePublished\":\"2023-05-01T18:30:18+00:00\",\"dateModified\":\"2023-05-12T18:00:29+00:00\",\"breadcrumb\":{\"@id\":\"https:\/\/lamaisonnee.org\/fr\/membres\/#breadcrumb\"},\"inLanguage\":\"fr-FR\",\"potentialAction\":[{\"@type\":\"ReadAction\",\"target\":[\"https:\/\/lamaisonnee.org\/fr\/membres\/\"]}]},{\"@type\":\"BreadcrumbList\",\"@id\":\"https:\/\/lamaisonnee.org\/fr\/membres\/#breadcrumb\",\"itemListElement\":[{\"@type\":\"ListItem\",\"position\":1,\"name\":\"Accueil\",\"item\":\"https:\/\/lamaisonnee.org\/fr\/\"},{\"@type\":\"ListItem\",\"position\":2,\"name\":\"Membres\"}]},{\"@type\":\"WebSite\",\"@id\":\"https:\/\/lamaisonnee.org\/fr\/#website\",\"url\":\"https:\/\/lamaisonnee.org\/fr\/\",\"name\":\"La Maisonn\u00e9e\",\"description\":\"Aide aux immigrants\",\"potentialAction\":[{\"@type\":\"SearchAction\",\"target\":{\"@type\":\"EntryPoint\",\"urlTemplate\":\"https:\/\/lamaisonnee.org\/fr\/?s={search_term_string}\"},\"query-input\":{\"@type\":\"PropertyValueSpecification\",\"valueRequired\":true,\"valueName\":\"search_term_string\"}}],\"inLanguage\":\"fr-FR\"}]}<\/script>\n<!-- \/ Yoast SEO plugin. -->","yoast_head_json":{"title":"Membres - La Maisonn\u00e9e","robots":{"index":"index","follow":"follow","max-snippet":"max-snippet:-1","max-image-preview":"max-image-preview:large","max-video-preview":"max-video-preview:-1"},"canonical":"https:\/\/lamaisonnee.org\/fr\/membres\/","og_locale":"fr_FR","og_type":"article","og_title":"Membres - La Maisonn\u00e9e","og_url":"https:\/\/lamaisonnee.org\/fr\/membres\/","og_site_name":"La Maisonn\u00e9e","article_modified_time":"2023-05-12T18:00:29+00:00","twitter_card":"summary_large_image","schema":{"@context":"https:\/\/schema.org","@graph":[{"@type":"WebPage","@id":"https:\/\/lamaisonnee.org\/fr\/membres\/","url":"https:\/\/lamaisonnee.org\/fr\/membres\/","name":"Membres - La Maisonn\u00e9e","isPartOf":{"@id":"https:\/\/lamaisonnee.org\/fr\/#website"},"datePublished":"2023-05-01T18:30:18+00:00","dateModified":"2023-05-12T18:00:29+00:00","breadcrumb":{"@id":"https:\/\/lamaisonnee.org\/fr\/membres\/#breadcrumb"},"inLanguage":"fr-FR","potentialAction":[{"@type":"ReadAction","target":["https:\/\/lamaisonnee.org\/fr\/membres\/"]}]},{"@type":"BreadcrumbList","@id":"https:\/\/lamaisonnee.org\/fr\/membres\/#breadcrumb","itemListElement":[{"@type":"ListItem","position":1,"name":"Accueil","item":"https:\/\/lamaisonnee.org\/fr\/"},{"@type":"ListItem","position":2,"name":"Membres"}]},{"@type":"WebSite","@id":"https:\/\/lamaisonnee.org\/fr\/#website","url":"https:\/\/lamaisonnee.org\/fr\/","name":"La Maisonn\u00e9e","description":"Aide aux immigrants","potentialAction":[{"@type":"SearchAction","target":{"@type":"EntryPoint","urlTemplate":"https:\/\/lamaisonnee.org\/fr\/?s={search_term_string}"},"query-input":{"@type":"PropertyValueSpecification","valueRequired":true,"valueName":"search_term_string"}}],"inLanguage":"fr-FR"}]}},"_links":{"self":[{"href":"https:\/\/lamaisonnee.org\/fr\/wp-json\/wp\/v2\/pages\/487","targetHints":{"allow":["GET"]}}],"collection":[{"href":"https:\/\/lamaisonnee.org\/fr\/wp-json\/wp\/v2\/pages"}],"about":[{"href":"https:\/\/lamaisonnee.org\/fr\/wp-json\/wp\/v2\/types\/page"}],"author":[{"embeddable":true,"href":"https:\/\/lamaisonnee.org\/fr\/wp-json\/wp\/v2\/users\/2"}],"replies":[{"embeddable":true,"href":"https:\/\/lamaisonnee.org\/fr\/wp-json\/wp\/v2\/comments?post=487"}],"version-history":[{"count":6,"href":"https:\/\/lamaisonnee.org\/fr\/wp-json\/wp\/v2\/pages\/487\/revisions"}],"predecessor-version":[{"id":989,"href":"https:\/\/lamaisonnee.org\/fr\/wp-json\/wp\/v2\/pages\/487\/revisions\/989"}],"wp:attachment":[{"href":"https:\/\/lamaisonnee.org\/fr\/wp-json\/wp\/v2\/media?parent=487"}],"curies":[{"name":"wp","href":"https:\/\/api.w.org\/{rel}","templated":true}]}}