{"id":436,"date":"2023-05-01T11:18:49","date_gmt":"2023-05-01T15:18:49","guid":{"rendered":"https:\/\/lamaisonnee.org\/?page_id=436"},"modified":"2023-06-06T16:40:17","modified_gmt":"2023-06-06T20:40:17","slug":"benevolat-benevoles","status":"publish","type":"page","link":"https:\/\/lamaisonnee.org\/fr\/benevolat-benevoles\/","title":{"rendered":"B\u00e9n\u00e9volat"},"content":{"rendered":"","protected":false},"excerpt":{"rendered":"","protected":false},"author":2,"featured_media":0,"parent":0,"menu_order":8,"comment_status":"closed","ping_status":"closed","template":"page-templates\/template-benevole.php","meta":{"_acf_changed":false,"footnotes":""},"class_list":["post-436","page","type-page","status-publish","hentry"],"acf":{"general_content":"","show_headerben":true,"headerben_anchor":"","headerben_title":"Devenir b\u00e9n\u00e9vole","headerben_text":"<p>En tant que b\u00e9n\u00e9vole pour la Maisonn\u00e9e, vous pourrez <b>apporter votre soutien<\/b> aux familles nouvellement arriv\u00e9es au Qu\u00e9bec. Sachez que votre aide ne pourra que <b>favoriser leur int\u00e9gration<\/b>.<\/p>\n","headerben_img":"https:\/\/lamaisonnee.org\/wp-content\/uploads\/2023\/05\/Header_Benevolat.png","show_missionben":true,"missionben_anchor":"","missionben_title":"Missions des b\u00e9n\u00e9voles","missionben_list":[{"title":"Aide aux devoirs","missions":[{"mission":"Accompagner et soutenir des \u00e9l\u00e8ves de 12 \u00e0 17 ans dans leur int\u00e9gration et leur parcours scolaire"},{"mission":"Aider \u00e0 d\u00e9velopper l'estime de soi"},{"mission":"Aider \u00e0 bien vivre leur int\u00e9gration dans leur nouveau milieu et la soci\u00e9t\u00e9 d\u2019accueil"},{"mission":"Offrir une \u00e9coute attentive"},{"mission":"Soutenir dans leur cheminement personnel"},{"mission":"Aider les \u00e9l\u00e8ves \u00e0 vivre dans un nouveau milieu"},{"mission":"Offrir de l'aide aux devoirs \u00e0 des \u00e9l\u00e8ves des classes d'accueil une \u00e0 deux fois par semaine"},{"mission":"Proposer, d\u00e9velopper, animer des ateliers d\u2019improvisation, d\u2019initiation au rap, etc..."},{"mission":"<i>La fr\u00e9quence de nos activit\u00e9s d\u00e9pend du nombre d'inscriptions \u00e0 chaque \u00e9tape scolaire<\/i>"}]},{"title":"D\u00e9pannage alimentaire","missions":[{"mission":"Chaque mercredi, distribution des denr\u00e9es alimentaires aux nouveaux arrivants et aux citoyens du quartier dans le besoin"},{"mission":"S'assurer que la client\u00e8le recevra un service de qualit\u00e9"},{"mission":"Pr\u00e9paration de la salle o\u00f9 aura lieu le service (au sous-sol de l'\u00e9glise Saint-Ambroise)"},{"mission":"S'impliquer tous les mercredis de 11h30 \u00e0 16h"}]},{"title":"R\u00e9ceptionniste","missions":[{"mission":"La premi\u00e8re personne que vous rencontrerez \u00e0 la Maisonn\u00e9e est le.la r\u00e9ceptionniste"},{"mission":"Une premi\u00e8re interaction consid\u00e9rable"},{"mission":"Accueillir les clients.es, aviser les membres de l'\u00e9quipe de l'arriv\u00e9e des clients, r\u00e9pondre aux appels t\u00e9l\u00e9phoniques..."},{"mission":"<i>Offre de b\u00e9n\u00e9volat occasionnelle<\/i>"}]},{"title":"Interpr\u00e8te","missions":[{"mission":"Agir en tant qu'interpr\u00e8te lorsque des intervenants sociaux entrent en contact avec des client.es allophones"},{"mission":"Permet d'en savoir d'avantage sur les besoins des clients.es"},{"mission":"Les b\u00e9n\u00e9voles sont toujours accompagn\u00e9s d'un.e intervenant.e social.e durant ces interventions"},{"mission":"<i>Offre de b\u00e9n\u00e9volat occasionnelle<\/i>"}]},{"title":"Support lors de la f\u00eate de fin d'ann\u00e9e","missions":[{"mission":"Durant cet \u00e9v\u00e9nement, La Maisonn\u00e9e c\u00e9l\u00e8bre ses bons coups, remercie les b\u00e9n\u00e9voles et invite tous les invit\u00e9s \u00e0 faire la f\u00eate !"},{"mission":"Pr\u00e9parer la salle de r\u00e9ception, emballer des cadeaux, accueillir et servir la nourriture aux invit\u00e9s, etc."}]},{"title":"D\u00e9claration de revenus","missions":[{"mission":"Service de clinique d'imp\u00f4ts pour les usagers admissibles durant la p\u00e9riode de d\u00e9claration de revenus"},{"mission":"Si vous poss\u00e9dez des \u00e9tudes et de l'exp\u00e9rience en comptabilit\u00e9, contactez-nous !"}]}],"show_textmedben":true,"textmedben_anchor":"","textmedben_title":"Le b\u00e9n\u00e9volat a bien des b\u00e9n\u00e9fices!","textmedben_text":"<p>Tout d\u2019abord, des opportunit\u00e9s, il y en a en grande quantit\u00e9 sur l\u2019\u00eele de Montr\u00e9al. Sachez que vous ne chercherez pas bien longtemps pour donner de votre temps \u00e0 une cause qui vous est ch\u00e8re.<\/p>\n<p>\u00catre b\u00e9n\u00e9vole signifie que vous entrerez en contact avec d\u2019autres b\u00e9n\u00e9voles ayant les m\u00eames valeurs que vous. Il est fort probable que vous cr\u00e9erez de nouvelles amiti\u00e9s. Vos exp\u00e9riences de b\u00e9n\u00e9volat peuvent aussi s\u2019ajouter \u00e0 votre curriculum et vous permettre de pratiquer une nouvelle langue avec vos compagnons b\u00e9n\u00e9voles. Il ne s\u2018agit ici que de quelques bienfaits du b\u00e9n\u00e9volat.<\/p>\n<p class=\"intro-text\" style=\"font-size: 20px; font-family: 'Red Hat Display';\">Mais il ne faut pas oublier qu\u2019\u00eatre b\u00e9n\u00e9vole, c\u2019est tout d\u2019abord donner de son temps aux personnes dans le besoin.<\/p>\n","textmedben_link":{"title":"Remplir le formulaire d'inscription","url":"https:\/\/docs.google.com\/forms\/d\/e\/1FAIpQLSfqAZ2O76hnfBxs6hXH_I2XLQs9b3i16e1UTR9ol0cz4g6g1A\/viewform","target":"_blank"},"textmedben_img":"https:\/\/lamaisonnee.org\/wp-content\/uploads\/2023\/05\/Img_Benevolat02.jpg","show_contributionben":true,"contributionben_anchor":"","contributionben_title":"Contribuer","contributionben_list":[{"title":"Inscription","text":"Si vous \u00eates int\u00e9ress\u00e9 par le b\u00e9n\u00e9volat, il est possible de vous inscrire via le formulaire d'inscription."},{"title":"Premier contact","text":"Une fois enregistr\u00e9, nous vous contacterons dans les plus brefs d\u00e9lais."},{"title":"Entrevue","text":"\u00c0 la suite du premier contact, une entrevue s\u2019effectue avec l\u2019intervenant en charge du b\u00e9n\u00e9volat. \r\n Lors de celle-ci, plusieurs questions relatives \u00e0 vos int\u00e9r\u00eats et vos disponibilit\u00e9s vous sont pos\u00e9es en plus de mises en situation."},{"title":"D\u00e9cision","text":"Enfin, La Maisonn\u00e9e vous contacte pour aviser si votre candidature a \u00e9t\u00e9 retenue."}],"show_faqben":true,"faqben_anchor":"","faqben_title":"D'autres questions sur le b\u00e9n\u00e9volat?","faqben_link":{"title":"D\u00e9couvrir notre FAQ g\u00e9n\u00e9rale","url":"https:\/\/lamaisonnee.org\/fr\/faq\/","target":""},"faqben_list":[{"title":"Puis-je r\u00e9aliser du b\u00e9n\u00e9volat les soirs ou la fin de semaine ?","text":"Le b\u00e9n\u00e9volat \u00e0 la Maisonn\u00e9e se r\u00e9alise en grande partie entre 9h et 17h du lundi au vendredi \u00e0 nos bureaux. Toutefois, il peut arriver que des activit\u00e9s sp\u00e9cifiques exceptionnelles aupr\u00e8s de notre client\u00e8le aient lieu en soir\u00e9e ou m\u00eame la fin de semaine."},{"title":"Je suis pr\u00e9sentement demandeur d\u2019asile. Puis-je effectuer du b\u00e9n\u00e9volat \u00e0 votre organisme ?","text":"Tout \u00e0 fait, que vous soyez citoyen canadien, r\u00e9sident permanent, demandeur d\u2019asile, \u00e9tudiant \u00e9tranger ou travailleur temporaire, il vous est possible d\u2019\u00eatre b\u00e9n\u00e9vole."},{"title":"Puis-je m\u2019impliquer pour plusieurs activit\u00e9s de b\u00e9n\u00e9volat ?","text":"Bien s\u00fbr! Si vous avez le temps, vous pouvez vous impliquer \u00e0 plusieurs missions b\u00e9n\u00e9voles. Par exemple vous pourriez vous impliquer en tant qu\u2019interpr\u00e8te, mais aussi au d\u00e9pannage alimentaire. Les possibilit\u00e9s sont infinies!"},{"title":"Dois-je m\u2019impliquer en tant que b\u00e9n\u00e9vole pour une p\u00e9riode minimum ?","text":"Vous pouvez \u00eatre b\u00e9n\u00e9vole \u00e0 la Maisonn\u00e9e aussi longtemps que vous le d\u00e9sirez ou m\u00eame nous venir en aide pour une seule activit\u00e9. Tout est possible. Ce qui est important, c\u2019est de respecter ses engagements et nous aviser le plus rapidement possible si vous ne pouvez participer \u00e0 l\u2019une de nos activit\u00e9s."}]},"yoast_head":"<!-- This site is optimized with the Yoast SEO plugin v26.4 - https:\/\/yoast.com\/wordpress\/plugins\/seo\/ -->\n<title>B\u00e9n\u00e9volat - La Maisonn\u00e9e<\/title>\n<meta name=\"description\" content=\"Vous souhaitez vous impliquer ? En tant que b\u00e9n\u00e9vole pour la Maisonn\u00e9e, vous pourrez apporter votre soutien \u00e0 de nombreuses familles.\" \/>\n<meta name=\"robots\" content=\"index, follow, max-snippet:-1, max-image-preview:large, max-video-preview:-1\" \/>\n<link rel=\"canonical\" href=\"https:\/\/lamaisonnee.org\/fr\/benevolat-benevoles\/\" \/>\n<meta property=\"og:locale\" content=\"fr_FR\" \/>\n<meta property=\"og:type\" content=\"article\" \/>\n<meta property=\"og:title\" content=\"B\u00e9n\u00e9volat - La Maisonn\u00e9e\" \/>\n<meta property=\"og:description\" content=\"Vous souhaitez vous impliquer ? En tant que b\u00e9n\u00e9vole pour la Maisonn\u00e9e, vous pourrez apporter votre soutien \u00e0 de nombreuses familles.\" \/>\n<meta property=\"og:url\" content=\"https:\/\/lamaisonnee.org\/fr\/benevolat-benevoles\/\" \/>\n<meta property=\"og:site_name\" content=\"La Maisonn\u00e9e\" \/>\n<meta property=\"article:modified_time\" content=\"2023-06-06T20:40:17+00:00\" \/>\n<meta name=\"twitter:card\" content=\"summary_large_image\" \/>\n<script type=\"application\/ld+json\" class=\"yoast-schema-graph\">{\"@context\":\"https:\/\/schema.org\",\"@graph\":[{\"@type\":\"WebPage\",\"@id\":\"https:\/\/lamaisonnee.org\/fr\/benevolat-benevoles\/\",\"url\":\"https:\/\/lamaisonnee.org\/fr\/benevolat-benevoles\/\",\"name\":\"B\u00e9n\u00e9volat - La Maisonn\u00e9e\",\"isPartOf\":{\"@id\":\"https:\/\/lamaisonnee.org\/fr\/#website\"},\"datePublished\":\"2023-05-01T15:18:49+00:00\",\"dateModified\":\"2023-06-06T20:40:17+00:00\",\"description\":\"Vous souhaitez vous impliquer ? En tant que b\u00e9n\u00e9vole pour la Maisonn\u00e9e, vous pourrez apporter votre soutien \u00e0 de nombreuses familles.\",\"breadcrumb\":{\"@id\":\"https:\/\/lamaisonnee.org\/fr\/benevolat-benevoles\/#breadcrumb\"},\"inLanguage\":\"fr-FR\",\"potentialAction\":[{\"@type\":\"ReadAction\",\"target\":[\"https:\/\/lamaisonnee.org\/fr\/benevolat-benevoles\/\"]}]},{\"@type\":\"BreadcrumbList\",\"@id\":\"https:\/\/lamaisonnee.org\/fr\/benevolat-benevoles\/#breadcrumb\",\"itemListElement\":[{\"@type\":\"ListItem\",\"position\":1,\"name\":\"Accueil\",\"item\":\"https:\/\/lamaisonnee.org\/fr\/\"},{\"@type\":\"ListItem\",\"position\":2,\"name\":\"B\u00e9n\u00e9volat\"}]},{\"@type\":\"WebSite\",\"@id\":\"https:\/\/lamaisonnee.org\/fr\/#website\",\"url\":\"https:\/\/lamaisonnee.org\/fr\/\",\"name\":\"La Maisonn\u00e9e\",\"description\":\"Aide aux immigrants\",\"potentialAction\":[{\"@type\":\"SearchAction\",\"target\":{\"@type\":\"EntryPoint\",\"urlTemplate\":\"https:\/\/lamaisonnee.org\/fr\/?s={search_term_string}\"},\"query-input\":{\"@type\":\"PropertyValueSpecification\",\"valueRequired\":true,\"valueName\":\"search_term_string\"}}],\"inLanguage\":\"fr-FR\"}]}<\/script>\n<!-- \/ Yoast SEO plugin. -->","yoast_head_json":{"title":"B\u00e9n\u00e9volat - La Maisonn\u00e9e","description":"Vous souhaitez vous impliquer ? En tant que b\u00e9n\u00e9vole pour la Maisonn\u00e9e, vous pourrez apporter votre soutien \u00e0 de nombreuses familles.","robots":{"index":"index","follow":"follow","max-snippet":"max-snippet:-1","max-image-preview":"max-image-preview:large","max-video-preview":"max-video-preview:-1"},"canonical":"https:\/\/lamaisonnee.org\/fr\/benevolat-benevoles\/","og_locale":"fr_FR","og_type":"article","og_title":"B\u00e9n\u00e9volat - La Maisonn\u00e9e","og_description":"Vous souhaitez vous impliquer ? En tant que b\u00e9n\u00e9vole pour la Maisonn\u00e9e, vous pourrez apporter votre soutien \u00e0 de nombreuses familles.","og_url":"https:\/\/lamaisonnee.org\/fr\/benevolat-benevoles\/","og_site_name":"La Maisonn\u00e9e","article_modified_time":"2023-06-06T20:40:17+00:00","twitter_card":"summary_large_image","schema":{"@context":"https:\/\/schema.org","@graph":[{"@type":"WebPage","@id":"https:\/\/lamaisonnee.org\/fr\/benevolat-benevoles\/","url":"https:\/\/lamaisonnee.org\/fr\/benevolat-benevoles\/","name":"B\u00e9n\u00e9volat - La Maisonn\u00e9e","isPartOf":{"@id":"https:\/\/lamaisonnee.org\/fr\/#website"},"datePublished":"2023-05-01T15:18:49+00:00","dateModified":"2023-06-06T20:40:17+00:00","description":"Vous souhaitez vous impliquer ? En tant que b\u00e9n\u00e9vole pour la Maisonn\u00e9e, vous pourrez apporter votre soutien \u00e0 de nombreuses familles.","breadcrumb":{"@id":"https:\/\/lamaisonnee.org\/fr\/benevolat-benevoles\/#breadcrumb"},"inLanguage":"fr-FR","potentialAction":[{"@type":"ReadAction","target":["https:\/\/lamaisonnee.org\/fr\/benevolat-benevoles\/"]}]},{"@type":"BreadcrumbList","@id":"https:\/\/lamaisonnee.org\/fr\/benevolat-benevoles\/#breadcrumb","itemListElement":[{"@type":"ListItem","position":1,"name":"Accueil","item":"https:\/\/lamaisonnee.org\/fr\/"},{"@type":"ListItem","position":2,"name":"B\u00e9n\u00e9volat"}]},{"@type":"WebSite","@id":"https:\/\/lamaisonnee.org\/fr\/#website","url":"https:\/\/lamaisonnee.org\/fr\/","name":"La Maisonn\u00e9e","description":"Aide aux immigrants","potentialAction":[{"@type":"SearchAction","target":{"@type":"EntryPoint","urlTemplate":"https:\/\/lamaisonnee.org\/fr\/?s={search_term_string}"},"query-input":{"@type":"PropertyValueSpecification","valueRequired":true,"valueName":"search_term_string"}}],"inLanguage":"fr-FR"}]}},"_links":{"self":[{"href":"https:\/\/lamaisonnee.org\/fr\/wp-json\/wp\/v2\/pages\/436","targetHints":{"allow":["GET"]}}],"collection":[{"href":"https:\/\/lamaisonnee.org\/fr\/wp-json\/wp\/v2\/pages"}],"about":[{"href":"https:\/\/lamaisonnee.org\/fr\/wp-json\/wp\/v2\/types\/page"}],"author":[{"embeddable":true,"href":"https:\/\/lamaisonnee.org\/fr\/wp-json\/wp\/v2\/users\/2"}],"replies":[{"embeddable":true,"href":"https:\/\/lamaisonnee.org\/fr\/wp-json\/wp\/v2\/comments?post=436"}],"version-history":[{"count":14,"href":"https:\/\/lamaisonnee.org\/fr\/wp-json\/wp\/v2\/pages\/436\/revisions"}],"predecessor-version":[{"id":1409,"href":"https:\/\/lamaisonnee.org\/fr\/wp-json\/wp\/v2\/pages\/436\/revisions\/1409"}],"wp:attachment":[{"href":"https:\/\/lamaisonnee.org\/fr\/wp-json\/wp\/v2\/media?parent=436"}],"curies":[{"name":"wp","href":"https:\/\/api.w.org\/{rel}","templated":true}]}}