{"id":374,"date":"2023-04-28T10:16:27","date_gmt":"2023-04-28T14:16:27","guid":{"rendered":"https:\/\/lamaisonnee.org\/?page_id=374"},"modified":"2026-02-23T11:45:50","modified_gmt":"2026-02-23T16:45:50","slug":"equipe","status":"publish","type":"page","link":"https:\/\/lamaisonnee.org\/fr\/equipe\/","title":{"rendered":"\u00c9quipe"},"content":{"rendered":"","protected":false},"excerpt":{"rendered":"","protected":false},"author":2,"featured_media":0,"parent":0,"menu_order":3,"comment_status":"closed","ping_status":"closed","template":"page-templates\/template-team.php","meta":{"_acf_changed":false,"footnotes":""},"class_list":["post-374","page","type-page","status-publish","hentry"],"acf":{"general_content":"","show_headereq":true,"headereq_anchor":"","headereq_title":"Notre \u00e9quipe","headereq_text":"<p>L\u2019\u00e9quipe de La Maisonn\u00e9e a le plaisir de vous accueillir et de vous accompagner dans tous vos besoins. Nous sommes <b>dynamiques<\/b>, <b>impliqu\u00e9s<\/b> et <b>surtout passionn\u00e9s<\/b> par ce que nous faisons ! Laissez-nous vous guider et vous accompagner avec <b>professionnalisme<\/b> et <b>bienveillance<\/b>.<\/p>\n","headereq_link":{"title":"Faire partie de l'\u00e9quipe","url":"https:\/\/lamaisonnee.org\/fr\/carrieres\/","target":""},"headereq_img":"https:\/\/lamaisonnee.org\/wp-content\/uploads\/2025\/03\/P1030692-scaled.jpg","show_titleeq":true,"titleeq_anchor":"","titleeq_title":"Notre accueil chaleureux est repr\u00e9sentatif de nos valeurs et de celles du Qu\u00e9bec !","show_textmedeq":true,"textmedeq_anchor":"","textmedeq_title":"Notre <b>culture d'entreprise<\/b>","textmedeq_subtitle":"Notre mot d\u2019ordre est <b>la solidarit\u00e9<\/b> !","textmedeq_text":"<p>Nous avons \u00e0 c\u0153ur de mettre en valeur autant les services que nous proposons, que chaque employ\u00e9 qui fait partie de notre grande famille.<br \/>\n\u00c0 La Maisonn\u00e9e, tout le monde apporte sa pierre \u00e0 l\u2019\u00e9difice par ses qualit\u00e9s humaines et professionnelles. Notre \u00e9quipe multidisciplinaire et multiethnique offre une \u00e9coute et un savoir-faire en plusieurs langues dans un contexte chaleureux et \u00e0 visage humain.<\/p>\n","textmedeq_img":"https:\/\/lamaisonnee.org\/wp-content\/uploads\/2023\/05\/3.jpg","show_teameq":true,"teameq_anchor":"","teameq_title":"Ceux qui nous composent","teameq_list":[{"name":"La Direction g\u00e9n\u00e9rale","members":[420,412]},{"name":"Administratif","members":[412,414,415,417,725,1260]},{"name":"P\u00f4le Accueil & Int\u00e9gration","members":[418,419,730,731,732,733,735,736,737,738,740,742,744,747,748,749,750,751,754,1263,4517,89528,146721,147889,743,727]},{"name":"P\u00f4le Employabilit\u00e9","members":[755,717,756,1266,758,762,4484,150065,760]}],"show_slidereq":true,"slidereq_anchor":"","slidereq_list":[{"img":"https:\/\/lamaisonnee.org\/wp-content\/uploads\/2023\/05\/2.jpg"},{"img":"https:\/\/lamaisonnee.org\/wp-content\/uploads\/2023\/05\/8.jpg"},{"img":"https:\/\/lamaisonnee.org\/wp-content\/uploads\/2023\/05\/IMG_1737.jpg"},{"img":"https:\/\/lamaisonnee.org\/wp-content\/uploads\/2023\/04\/IMG-20220918-WA0010.jpg"},{"img":"https:\/\/lamaisonnee.org\/wp-content\/uploads\/2023\/05\/IMG_1743.jpg"},{"img":"https:\/\/lamaisonnee.org\/wp-content\/uploads\/2023\/04\/IMG_1630.jpg"},{"img":"https:\/\/lamaisonnee.org\/wp-content\/uploads\/2023\/04\/IMG-20220918-WA0011.jpg"},{"img":"https:\/\/lamaisonnee.org\/wp-content\/uploads\/2023\/05\/3.jpg"},{"img":"https:\/\/lamaisonnee.org\/wp-content\/uploads\/2023\/05\/IMG_0330-scaled.jpg"},{"img":"https:\/\/lamaisonnee.org\/wp-content\/uploads\/2023\/04\/IMG_1527.jpg"}],"show_careereq":true,"careereq_anchor":"","careereq_title":"Notre \u00e9quipe cherche \u00e0 s'agrandir","careereq_list":[580,766],"careereq_link":{"title":"Voir nos offres d'emploi","url":"https:\/\/lamaisonnee.orgcarrieres\/","target":""}},"yoast_head":"<!-- This site is optimized with the Yoast SEO plugin v26.4 - https:\/\/yoast.com\/wordpress\/plugins\/seo\/ -->\n<title>\u00c9quipe - La Maisonn\u00e9e<\/title>\n<meta name=\"description\" content=\"D\u00e9couvrez \/ rejoignez notre \u00e9quipe qui offre une \u00e9coute et un savoir-faire en plusieurs langues dans un contexte chaleureux. Bienvenue !\" \/>\n<meta name=\"robots\" content=\"index, follow, max-snippet:-1, max-image-preview:large, max-video-preview:-1\" \/>\n<link rel=\"canonical\" href=\"https:\/\/lamaisonnee.org\/fr\/equipe\/\" \/>\n<meta property=\"og:locale\" content=\"fr_FR\" \/>\n<meta property=\"og:type\" content=\"article\" \/>\n<meta property=\"og:title\" content=\"\u00c9quipe - La Maisonn\u00e9e\" \/>\n<meta property=\"og:description\" content=\"D\u00e9couvrez \/ rejoignez notre \u00e9quipe qui offre une \u00e9coute et un savoir-faire en plusieurs langues dans un contexte chaleureux. Bienvenue !\" \/>\n<meta property=\"og:url\" content=\"https:\/\/lamaisonnee.org\/fr\/equipe\/\" \/>\n<meta property=\"og:site_name\" content=\"La Maisonn\u00e9e\" \/>\n<meta property=\"article:modified_time\" content=\"2026-02-23T16:45:50+00:00\" \/>\n<meta name=\"twitter:card\" content=\"summary_large_image\" \/>\n<script type=\"application\/ld+json\" class=\"yoast-schema-graph\">{\"@context\":\"https:\/\/schema.org\",\"@graph\":[{\"@type\":\"WebPage\",\"@id\":\"https:\/\/lamaisonnee.org\/fr\/equipe\/\",\"url\":\"https:\/\/lamaisonnee.org\/fr\/equipe\/\",\"name\":\"\u00c9quipe - La Maisonn\u00e9e\",\"isPartOf\":{\"@id\":\"https:\/\/lamaisonnee.org\/fr\/#website\"},\"datePublished\":\"2023-04-28T14:16:27+00:00\",\"dateModified\":\"2026-02-23T16:45:50+00:00\",\"description\":\"D\u00e9couvrez \/ rejoignez notre \u00e9quipe qui offre une \u00e9coute et un savoir-faire en plusieurs langues dans un contexte chaleureux. Bienvenue !\",\"breadcrumb\":{\"@id\":\"https:\/\/lamaisonnee.org\/fr\/equipe\/#breadcrumb\"},\"inLanguage\":\"fr-FR\",\"potentialAction\":[{\"@type\":\"ReadAction\",\"target\":[\"https:\/\/lamaisonnee.org\/fr\/equipe\/\"]}]},{\"@type\":\"BreadcrumbList\",\"@id\":\"https:\/\/lamaisonnee.org\/fr\/equipe\/#breadcrumb\",\"itemListElement\":[{\"@type\":\"ListItem\",\"position\":1,\"name\":\"Accueil\",\"item\":\"https:\/\/lamaisonnee.org\/fr\/\"},{\"@type\":\"ListItem\",\"position\":2,\"name\":\"\u00c9quipe\"}]},{\"@type\":\"WebSite\",\"@id\":\"https:\/\/lamaisonnee.org\/fr\/#website\",\"url\":\"https:\/\/lamaisonnee.org\/fr\/\",\"name\":\"La Maisonn\u00e9e\",\"description\":\"Aide aux immigrants\",\"potentialAction\":[{\"@type\":\"SearchAction\",\"target\":{\"@type\":\"EntryPoint\",\"urlTemplate\":\"https:\/\/lamaisonnee.org\/fr\/?s={search_term_string}\"},\"query-input\":{\"@type\":\"PropertyValueSpecification\",\"valueRequired\":true,\"valueName\":\"search_term_string\"}}],\"inLanguage\":\"fr-FR\"}]}<\/script>\n<!-- \/ Yoast SEO plugin. -->","yoast_head_json":{"title":"\u00c9quipe - La Maisonn\u00e9e","description":"D\u00e9couvrez \/ rejoignez notre \u00e9quipe qui offre une \u00e9coute et un savoir-faire en plusieurs langues dans un contexte chaleureux. Bienvenue !","robots":{"index":"index","follow":"follow","max-snippet":"max-snippet:-1","max-image-preview":"max-image-preview:large","max-video-preview":"max-video-preview:-1"},"canonical":"https:\/\/lamaisonnee.org\/fr\/equipe\/","og_locale":"fr_FR","og_type":"article","og_title":"\u00c9quipe - La Maisonn\u00e9e","og_description":"D\u00e9couvrez \/ rejoignez notre \u00e9quipe qui offre une \u00e9coute et un savoir-faire en plusieurs langues dans un contexte chaleureux. Bienvenue !","og_url":"https:\/\/lamaisonnee.org\/fr\/equipe\/","og_site_name":"La Maisonn\u00e9e","article_modified_time":"2026-02-23T16:45:50+00:00","twitter_card":"summary_large_image","schema":{"@context":"https:\/\/schema.org","@graph":[{"@type":"WebPage","@id":"https:\/\/lamaisonnee.org\/fr\/equipe\/","url":"https:\/\/lamaisonnee.org\/fr\/equipe\/","name":"\u00c9quipe - La Maisonn\u00e9e","isPartOf":{"@id":"https:\/\/lamaisonnee.org\/fr\/#website"},"datePublished":"2023-04-28T14:16:27+00:00","dateModified":"2026-02-23T16:45:50+00:00","description":"D\u00e9couvrez \/ rejoignez notre \u00e9quipe qui offre une \u00e9coute et un savoir-faire en plusieurs langues dans un contexte chaleureux. Bienvenue !","breadcrumb":{"@id":"https:\/\/lamaisonnee.org\/fr\/equipe\/#breadcrumb"},"inLanguage":"fr-FR","potentialAction":[{"@type":"ReadAction","target":["https:\/\/lamaisonnee.org\/fr\/equipe\/"]}]},{"@type":"BreadcrumbList","@id":"https:\/\/lamaisonnee.org\/fr\/equipe\/#breadcrumb","itemListElement":[{"@type":"ListItem","position":1,"name":"Accueil","item":"https:\/\/lamaisonnee.org\/fr\/"},{"@type":"ListItem","position":2,"name":"\u00c9quipe"}]},{"@type":"WebSite","@id":"https:\/\/lamaisonnee.org\/fr\/#website","url":"https:\/\/lamaisonnee.org\/fr\/","name":"La Maisonn\u00e9e","description":"Aide aux immigrants","potentialAction":[{"@type":"SearchAction","target":{"@type":"EntryPoint","urlTemplate":"https:\/\/lamaisonnee.org\/fr\/?s={search_term_string}"},"query-input":{"@type":"PropertyValueSpecification","valueRequired":true,"valueName":"search_term_string"}}],"inLanguage":"fr-FR"}]}},"_links":{"self":[{"href":"https:\/\/lamaisonnee.org\/fr\/wp-json\/wp\/v2\/pages\/374","targetHints":{"allow":["GET"]}}],"collection":[{"href":"https:\/\/lamaisonnee.org\/fr\/wp-json\/wp\/v2\/pages"}],"about":[{"href":"https:\/\/lamaisonnee.org\/fr\/wp-json\/wp\/v2\/types\/page"}],"author":[{"embeddable":true,"href":"https:\/\/lamaisonnee.org\/fr\/wp-json\/wp\/v2\/users\/2"}],"replies":[{"embeddable":true,"href":"https:\/\/lamaisonnee.org\/fr\/wp-json\/wp\/v2\/comments?post=374"}],"version-history":[{"count":54,"href":"https:\/\/lamaisonnee.org\/fr\/wp-json\/wp\/v2\/pages\/374\/revisions"}],"predecessor-version":[{"id":152268,"href":"https:\/\/lamaisonnee.org\/fr\/wp-json\/wp\/v2\/pages\/374\/revisions\/152268"}],"wp:attachment":[{"href":"https:\/\/lamaisonnee.org\/fr\/wp-json\/wp\/v2\/media?parent=374"}],"curies":[{"name":"wp","href":"https:\/\/api.w.org\/{rel}","templated":true}]}}