{"id":149,"date":"2023-04-25T12:01:05","date_gmt":"2023-04-25T16:01:05","guid":{"rendered":"https:\/\/lamaisonnee.org\/?page_id=149"},"modified":"2023-06-02T15:52:43","modified_gmt":"2023-06-02T19:52:43","slug":"services-gratuits-immigrants","status":"publish","type":"page","link":"https:\/\/lamaisonnee.org\/fr\/services-gratuits-immigrants\/","title":{"rendered":"Services"},"content":{"rendered":"","protected":false},"excerpt":{"rendered":"","protected":false},"author":2,"featured_media":0,"parent":0,"menu_order":1,"comment_status":"closed","ping_status":"closed","template":"page-templates\/template-services.php","meta":{"_acf_changed":false,"footnotes":""},"class_list":["post-149","page","type-page","status-publish","hentry"],"acf":{"general_content":"","show_servicesp":true,"servicesp_anchor":"","servicesp_title":"Services","show_contban":true,"contban_anchor":"","contban_title":"Besoin de plus d\u2019informations?","contban_text":"L\u2019\u00e9quipe de La Maisonn\u00e9e a le plaisir de vous accueillir et de vous accompagner dans tous vos besoins. Laissez-nous vous guider et vous accompagner avec professionnalisme et bienveillance.","contban_link":{"title":"Prendre contact","url":"https:\/\/lamaisonnee.org\/fr\/contact\/","target":""}},"yoast_head":"<!-- This site is optimized with the Yoast SEO plugin v26.4 - https:\/\/yoast.com\/wordpress\/plugins\/seo\/ -->\n<title>Nos services gratuits pour les immigrants - La Maisonn\u00e9e<\/title>\n<meta name=\"description\" content=\"L\u2019\u00e9quipe de La Maisonn\u00e9e a le plaisir de vous accueillir et de vous accompagner dans tous vos besoins. Services gratuits et personnalis\u00e9s !\" \/>\n<meta name=\"robots\" content=\"index, follow, max-snippet:-1, max-image-preview:large, max-video-preview:-1\" \/>\n<link rel=\"canonical\" href=\"https:\/\/lamaisonnee.org\/fr\/services-gratuits-immigrants\/\" \/>\n<meta property=\"og:locale\" content=\"fr_FR\" \/>\n<meta property=\"og:type\" content=\"article\" \/>\n<meta property=\"og:title\" content=\"Nos services gratuits pour les immigrants - La Maisonn\u00e9e\" \/>\n<meta property=\"og:description\" content=\"L\u2019\u00e9quipe de La Maisonn\u00e9e a le plaisir de vous accueillir et de vous accompagner dans tous vos besoins. Services gratuits et personnalis\u00e9s !\" \/>\n<meta property=\"og:url\" content=\"https:\/\/lamaisonnee.org\/fr\/services-gratuits-immigrants\/\" \/>\n<meta property=\"og:site_name\" content=\"La Maisonn\u00e9e\" \/>\n<meta property=\"article:modified_time\" content=\"2023-06-02T19:52:43+00:00\" \/>\n<meta name=\"twitter:card\" content=\"summary_large_image\" \/>\n<script type=\"application\/ld+json\" class=\"yoast-schema-graph\">{\"@context\":\"https:\/\/schema.org\",\"@graph\":[{\"@type\":\"WebPage\",\"@id\":\"https:\/\/lamaisonnee.org\/fr\/services-gratuits-immigrants\/\",\"url\":\"https:\/\/lamaisonnee.org\/fr\/services-gratuits-immigrants\/\",\"name\":\"Nos services gratuits pour les immigrants - La Maisonn\u00e9e\",\"isPartOf\":{\"@id\":\"https:\/\/lamaisonnee.org\/fr\/#website\"},\"datePublished\":\"2023-04-25T16:01:05+00:00\",\"dateModified\":\"2023-06-02T19:52:43+00:00\",\"description\":\"L\u2019\u00e9quipe de La Maisonn\u00e9e a le plaisir de vous accueillir et de vous accompagner dans tous vos besoins. Services gratuits et personnalis\u00e9s !\",\"breadcrumb\":{\"@id\":\"https:\/\/lamaisonnee.org\/fr\/services-gratuits-immigrants\/#breadcrumb\"},\"inLanguage\":\"fr-FR\",\"potentialAction\":[{\"@type\":\"ReadAction\",\"target\":[\"https:\/\/lamaisonnee.org\/fr\/services-gratuits-immigrants\/\"]}]},{\"@type\":\"BreadcrumbList\",\"@id\":\"https:\/\/lamaisonnee.org\/fr\/services-gratuits-immigrants\/#breadcrumb\",\"itemListElement\":[{\"@type\":\"ListItem\",\"position\":1,\"name\":\"Accueil\",\"item\":\"https:\/\/lamaisonnee.org\/fr\/\"},{\"@type\":\"ListItem\",\"position\":2,\"name\":\"Services\"}]},{\"@type\":\"WebSite\",\"@id\":\"https:\/\/lamaisonnee.org\/fr\/#website\",\"url\":\"https:\/\/lamaisonnee.org\/fr\/\",\"name\":\"La Maisonn\u00e9e\",\"description\":\"Aide aux immigrants\",\"potentialAction\":[{\"@type\":\"SearchAction\",\"target\":{\"@type\":\"EntryPoint\",\"urlTemplate\":\"https:\/\/lamaisonnee.org\/fr\/?s={search_term_string}\"},\"query-input\":{\"@type\":\"PropertyValueSpecification\",\"valueRequired\":true,\"valueName\":\"search_term_string\"}}],\"inLanguage\":\"fr-FR\"}]}<\/script>\n<!-- \/ Yoast SEO plugin. -->","yoast_head_json":{"title":"Nos services gratuits pour les immigrants - La Maisonn\u00e9e","description":"L\u2019\u00e9quipe de La Maisonn\u00e9e a le plaisir de vous accueillir et de vous accompagner dans tous vos besoins. Services gratuits et personnalis\u00e9s !","robots":{"index":"index","follow":"follow","max-snippet":"max-snippet:-1","max-image-preview":"max-image-preview:large","max-video-preview":"max-video-preview:-1"},"canonical":"https:\/\/lamaisonnee.org\/fr\/services-gratuits-immigrants\/","og_locale":"fr_FR","og_type":"article","og_title":"Nos services gratuits pour les immigrants - La Maisonn\u00e9e","og_description":"L\u2019\u00e9quipe de La Maisonn\u00e9e a le plaisir de vous accueillir et de vous accompagner dans tous vos besoins. Services gratuits et personnalis\u00e9s !","og_url":"https:\/\/lamaisonnee.org\/fr\/services-gratuits-immigrants\/","og_site_name":"La Maisonn\u00e9e","article_modified_time":"2023-06-02T19:52:43+00:00","twitter_card":"summary_large_image","schema":{"@context":"https:\/\/schema.org","@graph":[{"@type":"WebPage","@id":"https:\/\/lamaisonnee.org\/fr\/services-gratuits-immigrants\/","url":"https:\/\/lamaisonnee.org\/fr\/services-gratuits-immigrants\/","name":"Nos services gratuits pour les immigrants - La Maisonn\u00e9e","isPartOf":{"@id":"https:\/\/lamaisonnee.org\/fr\/#website"},"datePublished":"2023-04-25T16:01:05+00:00","dateModified":"2023-06-02T19:52:43+00:00","description":"L\u2019\u00e9quipe de La Maisonn\u00e9e a le plaisir de vous accueillir et de vous accompagner dans tous vos besoins. Services gratuits et personnalis\u00e9s !","breadcrumb":{"@id":"https:\/\/lamaisonnee.org\/fr\/services-gratuits-immigrants\/#breadcrumb"},"inLanguage":"fr-FR","potentialAction":[{"@type":"ReadAction","target":["https:\/\/lamaisonnee.org\/fr\/services-gratuits-immigrants\/"]}]},{"@type":"BreadcrumbList","@id":"https:\/\/lamaisonnee.org\/fr\/services-gratuits-immigrants\/#breadcrumb","itemListElement":[{"@type":"ListItem","position":1,"name":"Accueil","item":"https:\/\/lamaisonnee.org\/fr\/"},{"@type":"ListItem","position":2,"name":"Services"}]},{"@type":"WebSite","@id":"https:\/\/lamaisonnee.org\/fr\/#website","url":"https:\/\/lamaisonnee.org\/fr\/","name":"La Maisonn\u00e9e","description":"Aide aux immigrants","potentialAction":[{"@type":"SearchAction","target":{"@type":"EntryPoint","urlTemplate":"https:\/\/lamaisonnee.org\/fr\/?s={search_term_string}"},"query-input":{"@type":"PropertyValueSpecification","valueRequired":true,"valueName":"search_term_string"}}],"inLanguage":"fr-FR"}]}},"_links":{"self":[{"href":"https:\/\/lamaisonnee.org\/fr\/wp-json\/wp\/v2\/pages\/149","targetHints":{"allow":["GET"]}}],"collection":[{"href":"https:\/\/lamaisonnee.org\/fr\/wp-json\/wp\/v2\/pages"}],"about":[{"href":"https:\/\/lamaisonnee.org\/fr\/wp-json\/wp\/v2\/types\/page"}],"author":[{"embeddable":true,"href":"https:\/\/lamaisonnee.org\/fr\/wp-json\/wp\/v2\/users\/2"}],"replies":[{"embeddable":true,"href":"https:\/\/lamaisonnee.org\/fr\/wp-json\/wp\/v2\/comments?post=149"}],"version-history":[{"count":5,"href":"https:\/\/lamaisonnee.org\/fr\/wp-json\/wp\/v2\/pages\/149\/revisions"}],"predecessor-version":[{"id":1410,"href":"https:\/\/lamaisonnee.org\/fr\/wp-json\/wp\/v2\/pages\/149\/revisions\/1410"}],"wp:attachment":[{"href":"https:\/\/lamaisonnee.org\/fr\/wp-json\/wp\/v2\/media?parent=149"}],"curies":[{"name":"wp","href":"https:\/\/api.w.org\/{rel}","templated":true}]}}