{"id":121,"date":"2023-04-17T11:57:10","date_gmt":"2023-04-17T15:57:10","guid":{"rendered":"https:\/\/lamaisonnee.org\/?page_id=121"},"modified":"2026-03-31T11:14:36","modified_gmt":"2026-03-31T15:14:36","slug":"contact","status":"publish","type":"page","link":"https:\/\/lamaisonnee.org\/fr\/contact\/","title":{"rendered":"Contact"},"content":{"rendered":"","protected":false},"excerpt":{"rendered":"","protected":false},"author":2,"featured_media":0,"parent":0,"menu_order":7,"comment_status":"closed","ping_status":"closed","template":"page-templates\/template-contact.php","meta":{"_acf_changed":false,"footnotes":""},"class_list":["post-121","page","type-page","status-publish","hentry"],"acf":{"general_content":"","show_contact":true,"contact_anchor":"","contact_title":"Nous vous aidons en tout temps","contact_form":"[contact-form-7 id=\"597\" title=\"Formulaire de contact FR\"]","contact_mentions":"Trouvez votre intervenant dans la <a href=\"https:\/\/lamaisonnee.orgequipe\/\" style=\"text-decoration:underline;\">liste de l'\u00e9quipe<\/a> et contactez-le ! Si vous ne savez pas \u00e0 qui vous r\u00e9f\u00e9rer, t\u00e9l\u00e9phonez au 514 271 3533. Sinon, \u00e9crivez-nous gr\u00e2ce \u00e0 ce formulaire.","contact_img1":"https:\/\/lamaisonnee.org\/wp-content\/uploads\/2025\/10\/17311-scaled.jpg","contact_img2":"https:\/\/lamaisonnee.org\/wp-content\/uploads\/2025\/10\/Couverture-rapport-annuel_2023-2024_V1-scaled.jpeg","contact_list":["email","address","horaires","phone"]},"yoast_head":"<!-- This site is optimized with the Yoast SEO plugin v26.4 - https:\/\/yoast.com\/wordpress\/plugins\/seo\/ -->\n<title>Contact - La Maisonn\u00e9e<\/title>\n<meta name=\"description\" content=\"Vous souhaitez prendre contact avec La Maisonn\u00e9e ? Nous sommes l\u00e0 pour r\u00e9pondre \u00e0 vos questions ou vous diriger vers les agents sp\u00e9cialis\u00e9s !\" \/>\n<meta name=\"robots\" content=\"index, follow, max-snippet:-1, max-image-preview:large, max-video-preview:-1\" \/>\n<link rel=\"canonical\" href=\"https:\/\/lamaisonnee.org\/fr\/contact\/\" \/>\n<meta property=\"og:locale\" content=\"fr_FR\" \/>\n<meta property=\"og:type\" content=\"article\" \/>\n<meta property=\"og:title\" content=\"Contact - La Maisonn\u00e9e\" \/>\n<meta property=\"og:description\" content=\"Vous souhaitez prendre contact avec La Maisonn\u00e9e ? Nous sommes l\u00e0 pour r\u00e9pondre \u00e0 vos questions ou vous diriger vers les agents sp\u00e9cialis\u00e9s !\" \/>\n<meta property=\"og:url\" content=\"https:\/\/lamaisonnee.org\/fr\/contact\/\" \/>\n<meta property=\"og:site_name\" content=\"La Maisonn\u00e9e\" \/>\n<meta property=\"article:modified_time\" content=\"2026-03-31T15:14:36+00:00\" \/>\n<meta name=\"twitter:card\" content=\"summary_large_image\" \/>\n<script type=\"application\/ld+json\" class=\"yoast-schema-graph\">{\"@context\":\"https:\/\/schema.org\",\"@graph\":[{\"@type\":\"WebPage\",\"@id\":\"https:\/\/lamaisonnee.org\/fr\/contact\/\",\"url\":\"https:\/\/lamaisonnee.org\/fr\/contact\/\",\"name\":\"Contact - La Maisonn\u00e9e\",\"isPartOf\":{\"@id\":\"https:\/\/lamaisonnee.org\/fr\/#website\"},\"datePublished\":\"2023-04-17T15:57:10+00:00\",\"dateModified\":\"2026-03-31T15:14:36+00:00\",\"description\":\"Vous souhaitez prendre contact avec La Maisonn\u00e9e ? Nous sommes l\u00e0 pour r\u00e9pondre \u00e0 vos questions ou vous diriger vers les agents sp\u00e9cialis\u00e9s !\",\"breadcrumb\":{\"@id\":\"https:\/\/lamaisonnee.org\/fr\/contact\/#breadcrumb\"},\"inLanguage\":\"fr-FR\",\"potentialAction\":[{\"@type\":\"ReadAction\",\"target\":[\"https:\/\/lamaisonnee.org\/fr\/contact\/\"]}]},{\"@type\":\"BreadcrumbList\",\"@id\":\"https:\/\/lamaisonnee.org\/fr\/contact\/#breadcrumb\",\"itemListElement\":[{\"@type\":\"ListItem\",\"position\":1,\"name\":\"Accueil\",\"item\":\"https:\/\/lamaisonnee.org\/fr\/\"},{\"@type\":\"ListItem\",\"position\":2,\"name\":\"Contact\"}]},{\"@type\":\"WebSite\",\"@id\":\"https:\/\/lamaisonnee.org\/fr\/#website\",\"url\":\"https:\/\/lamaisonnee.org\/fr\/\",\"name\":\"La Maisonn\u00e9e\",\"description\":\"Aide aux immigrants\",\"potentialAction\":[{\"@type\":\"SearchAction\",\"target\":{\"@type\":\"EntryPoint\",\"urlTemplate\":\"https:\/\/lamaisonnee.org\/fr\/?s={search_term_string}\"},\"query-input\":{\"@type\":\"PropertyValueSpecification\",\"valueRequired\":true,\"valueName\":\"search_term_string\"}}],\"inLanguage\":\"fr-FR\"}]}<\/script>\n<!-- \/ Yoast SEO plugin. -->","yoast_head_json":{"title":"Contact - La Maisonn\u00e9e","description":"Vous souhaitez prendre contact avec La Maisonn\u00e9e ? Nous sommes l\u00e0 pour r\u00e9pondre \u00e0 vos questions ou vous diriger vers les agents sp\u00e9cialis\u00e9s !","robots":{"index":"index","follow":"follow","max-snippet":"max-snippet:-1","max-image-preview":"max-image-preview:large","max-video-preview":"max-video-preview:-1"},"canonical":"https:\/\/lamaisonnee.org\/fr\/contact\/","og_locale":"fr_FR","og_type":"article","og_title":"Contact - La Maisonn\u00e9e","og_description":"Vous souhaitez prendre contact avec La Maisonn\u00e9e ? Nous sommes l\u00e0 pour r\u00e9pondre \u00e0 vos questions ou vous diriger vers les agents sp\u00e9cialis\u00e9s !","og_url":"https:\/\/lamaisonnee.org\/fr\/contact\/","og_site_name":"La Maisonn\u00e9e","article_modified_time":"2026-03-31T15:14:36+00:00","twitter_card":"summary_large_image","schema":{"@context":"https:\/\/schema.org","@graph":[{"@type":"WebPage","@id":"https:\/\/lamaisonnee.org\/fr\/contact\/","url":"https:\/\/lamaisonnee.org\/fr\/contact\/","name":"Contact - La Maisonn\u00e9e","isPartOf":{"@id":"https:\/\/lamaisonnee.org\/fr\/#website"},"datePublished":"2023-04-17T15:57:10+00:00","dateModified":"2026-03-31T15:14:36+00:00","description":"Vous souhaitez prendre contact avec La Maisonn\u00e9e ? Nous sommes l\u00e0 pour r\u00e9pondre \u00e0 vos questions ou vous diriger vers les agents sp\u00e9cialis\u00e9s !","breadcrumb":{"@id":"https:\/\/lamaisonnee.org\/fr\/contact\/#breadcrumb"},"inLanguage":"fr-FR","potentialAction":[{"@type":"ReadAction","target":["https:\/\/lamaisonnee.org\/fr\/contact\/"]}]},{"@type":"BreadcrumbList","@id":"https:\/\/lamaisonnee.org\/fr\/contact\/#breadcrumb","itemListElement":[{"@type":"ListItem","position":1,"name":"Accueil","item":"https:\/\/lamaisonnee.org\/fr\/"},{"@type":"ListItem","position":2,"name":"Contact"}]},{"@type":"WebSite","@id":"https:\/\/lamaisonnee.org\/fr\/#website","url":"https:\/\/lamaisonnee.org\/fr\/","name":"La Maisonn\u00e9e","description":"Aide aux immigrants","potentialAction":[{"@type":"SearchAction","target":{"@type":"EntryPoint","urlTemplate":"https:\/\/lamaisonnee.org\/fr\/?s={search_term_string}"},"query-input":{"@type":"PropertyValueSpecification","valueRequired":true,"valueName":"search_term_string"}}],"inLanguage":"fr-FR"}]}},"_links":{"self":[{"href":"https:\/\/lamaisonnee.org\/fr\/wp-json\/wp\/v2\/pages\/121","targetHints":{"allow":["GET"]}}],"collection":[{"href":"https:\/\/lamaisonnee.org\/fr\/wp-json\/wp\/v2\/pages"}],"about":[{"href":"https:\/\/lamaisonnee.org\/fr\/wp-json\/wp\/v2\/types\/page"}],"author":[{"embeddable":true,"href":"https:\/\/lamaisonnee.org\/fr\/wp-json\/wp\/v2\/users\/2"}],"replies":[{"embeddable":true,"href":"https:\/\/lamaisonnee.org\/fr\/wp-json\/wp\/v2\/comments?post=121"}],"version-history":[{"count":20,"href":"https:\/\/lamaisonnee.org\/fr\/wp-json\/wp\/v2\/pages\/121\/revisions"}],"predecessor-version":[{"id":153011,"href":"https:\/\/lamaisonnee.org\/fr\/wp-json\/wp\/v2\/pages\/121\/revisions\/153011"}],"wp:attachment":[{"href":"https:\/\/lamaisonnee.org\/fr\/wp-json\/wp\/v2\/media?parent=121"}],"curies":[{"name":"wp","href":"https:\/\/api.w.org\/{rel}","templated":true}]}}