{"id":117,"date":"2023-04-17T11:56:49","date_gmt":"2023-04-17T15:56:49","guid":{"rendered":"https:\/\/lamaisonnee.org\/?page_id=117"},"modified":"2025-10-28T10:17:57","modified_gmt":"2025-10-28T14:17:57","slug":"a-propos-missions-partenaires","status":"publish","type":"page","link":"https:\/\/lamaisonnee.org\/fr\/a-propos-missions-partenaires\/","title":{"rendered":"\u00c0 propos"},"content":{"rendered":"","protected":false},"excerpt":{"rendered":"","protected":false},"author":2,"featured_media":0,"parent":0,"menu_order":2,"comment_status":"closed","ping_status":"closed","template":"page-templates\/template-about.php","meta":{"_acf_changed":false,"footnotes":""},"class_list":["post-117","page","type-page","status-publish","hentry"],"acf":{"general_content":"","show_headerab":true,"headerab_anchor":"","headerab_title":"\u00c0 propos","headerab_text":"<p class=\"intro-text\" style=\"font-size: 20px; font-family: 'Red Hat Display';\">La Maisonn\u00e9e est un organisme communautaire \u00e0 but non lucratif qui offre des services collectifs et individuels en mati\u00e8re d\u2019accueil et d\u2019int\u00e9gration socioprofessionnelle. Elle accompagne surtout les nouveaux arrivants dans toutes les \u00e9tapes de leur \u00e9tablissement, ainsi que dans leurs d\u00e9marches en emploi au Qu\u00e9bec.<\/p>\n<p class=\"intro-text\" style=\"font-size: 20px; font-family: 'Red Hat Display';\"><strong>Chaque ann\u00e9e, La Maisonn\u00e9e accueille et accompagne environ 22 000 arrivants, tous statuts confondus.<\/strong><\/p>\n<p>La Maisonn\u00e9e sensibilise aussi bien la soci\u00e9t\u00e9 d\u2019accueil que les immigrants sur les principes et les avantages du vivre-ensemble et du renforcement du lien social. Ouvert depuis mars 1979, La Maisonn\u00e9e s\u2019est mobilis\u00e9e d\u00e8s le d\u00e9but pour permettre l\u2019int\u00e9gration des immigrants et leur \u00e9panouissement sur ce territoire.<\/p>\n","headerab_images":[{"img":"https:\/\/lamaisonnee.org\/wp-content\/uploads\/2025\/10\/20250613_134532-scaled.jpg"},{"img":"https:\/\/lamaisonnee.org\/wp-content\/uploads\/2025\/10\/photo-MBAM2025-1-scaled.jpg"}],"show_titleab":true,"titleab_anchor":"","titleab_title":"Ce sont autant d\u2019histoires de rencontres avec le Qu\u00e9bec qui s\u2019\u00e9crivent chaque jour.","show_missionab":true,"missionab_anchor":"missions","missionab_title":"Nos <b>missions<\/b>","missionab_subtitle":"Faire de tout r\u00e9sident \u2013 ancien, nouveau et de naissance \u2013 <b>un citoyen \u00e0 part enti\u00e8re<\/b>.","missionab_list":[{"item":"Accueillir"},{"item":"Accompagner"},{"item":"Informer"},{"item":"Partager"}],"show_partnersab":true,"partnersab_anchor":"partenaires","partnersab_title":"Remerciements \u00e0 <b>nos bailleurs de fonds 2025-2026<\/b><br> pour leur confiance renouvel\u00e9e","show_wordsab":true,"wordsab_anchor":"mots-des-dirigeants","wordsab_title":"Mots des dirigeants","wordsab_author":"Guy Drudi et Wadih Karam","wordsab_position":"Fondateur\/Pr\u00e9sident du Conseil d\u2019administration et Directeur G\u00e9n\u00e9ral.","wordsab_list":[{"title":"Vision de la Maisonn\u00e9e","text":"La Maisonn\u00e9e fut cr\u00e9\u00e9e en 1979 afin d\u2019aider les nouveaux immigrants et leurs familles \u00e0 s\u2019installer, \u00e0 s\u2019adapter et \u00e0 s\u2019int\u00e9grer au Qu\u00e9bec. La Maisonn\u00e9e est un lieu de rencontre et de solidarit\u00e9 qui rejoint annuellement plus de 20 000 personnes immigrantes. Plusieurs de ces personnes ont t\u00e9moign\u00e9 tout au long de ces ann\u00e9es que c\u2019est \u00e0 l\u2019int\u00e9rieur de La Maisonn\u00e9e qu\u2019elles ont acquis des comp\u00e9tences leur permettant de se d\u00e9velopper et de participer pleinement \u00e0 la soci\u00e9t\u00e9 qu\u00e9b\u00e9coise tout en y enracinant l\u2019avenir de leurs enfants. "},{"title":"Engagement","text":"Notre engagement est de construire ensemble un Qu\u00e9bec interculturel, francophone, confiant et accueillant."},{"title":"Remerciements","text":"Nous aimerions remercier et f\u00e9liciter toute l\u2019\u00e9quipe de La Maisonn\u00e9e, pour la qualit\u00e9 du travail accompli. Nos remerciements vont aussi aux membres de notre conseil d\u2019administration et aux 60 b\u00e9n\u00e9voles qui nous accompagnent chaque ann\u00e9e \u00e0 La Maisonn\u00e9e, qui font un travail remarquable et d\u00e9sint\u00e9ress\u00e9. Ce qu\u2019ils accomplissent quotidiennement avec nous est \u00e9norme.<br \/>\r\n<br \/>\r\nNous aimerions remercier \u00e9galement tous nos bailleurs de fonds et tous ceux qui ont soutenu La Maisonn\u00e9e dont le minist\u00e8re de l\u2019Immigration, de la Francisation et de l\u2019Int\u00e9gration (MIFI), Centraide du Grand Montr\u00e9al, La Direction r\u00e9gionale de l\u2019\u00cele-de-Montr\u00e9al d\u2019Emploi Qu\u00e9bec, ainsi que tous les autres partenaires et La ville de Montr\u00e9al. "}],"show_numbab":true,"numbab_anchor":"","numbab_list":[{"number":"30","text":"Programmes et projets."},{"number":"30","text":"Tables, regroupements et comit\u00e9s tant sur le plan local que r\u00e9gional et national."},{"number":"30000","text":"Personnes ont particip\u00e9 \u00e0 nos activit\u00e9s \u00e0 La Maisonn\u00e9e."},{"number":"1000","text":"Placements en emploi chaque ann\u00e9e"},{"number":"60","text":"B\u00e9n\u00e9voles qui effectuent + de 4 800 heures de b\u00e9n\u00e9volat par an."},{"number":"900","text":"Personnes ont \u00e9t\u00e9 aid\u00e9es en mati\u00e8re de recherche de logements."},{"number":"10","text":"Stagiaires qui contribuent avec 1 691 heures de stages"},{"number":"250","text":"S\u00e9ances d\u2019information annuelle"}],"show_caab":true,"caab_anchor":"conseil-d-administration","caab_title":"Le <b>conseil d\u2019administration<\/b>","caab_text":"<p class=\"intro-text\" style=\"font-size: 20px; font-family: 'Red Hat Display';\">Le conseil d\u2019administration s\u2019assure de la bonne gestion de la Corporation et de son fonctionnement en conformit\u00e9 avec les objectifs pr\u00e9vus aux statuts et r\u00e8glements.<\/p>\n<p>L\u2019implication des membres du conseil se concr\u00e9tise dans de nombreux dossiers de La Maisonn\u00e9e, notamment par la participation \u00e0 de nombreux comit\u00e9s de s\u00e9lection du personnel.<\/p>\n<p>Le conseil s\u2019implique dans le d\u00e9veloppement de l\u2019organisme, dans l\u2019orientation quant \u00e0 l\u2019am\u00e9lioration des conditions mat\u00e9rielles et salariales des employ\u00e9s, dans la repr\u00e9sentation de La Maisonn\u00e9e aupr\u00e8s des autorit\u00e9s politiques et administratives et plus encore.<\/p>\n","caab_img":"https:\/\/lamaisonnee.org\/wp-content\/uploads\/2025\/06\/P1040900-scaled.jpg","show_ethicab":true,"ethicab_anchor":"code-ethique","ethicab_title":"Code \u00e9thique de l\u2019usager","ethicab_list":[{"category":"Prendre soin d\u2019autrui","rules":[{"rule":"<b>Respect<\/b> de la personne"},{"rule":"<b>Int\u00e9grit\u00e9<\/b> et <b>professionnalisme<\/b>"},{"rule":"G\u00e9rance et d\u00e9fense de l\u2019<b>int\u00e9r\u00eat public<\/b>"}]},{"category":"Se conformer aux horaires","rules":[{"rule":"Valorisation du temps des autres : <b>arrivez \u00e0 l\u2019heure<\/b> et <b>respectez les rendez-vous<\/b>"},{"rule":"Si vous pr\u00e9voyez \u00eatre en retard, <b>pr\u00e9venez l\u2019intervenant- le conseiller<\/b>"}]},{"category":"Se comporter de mani\u00e8re professionnelle","rules":[{"rule":"Engagement envers <b>l\u2019excellence<\/b>"},{"rule":"Une communication <b>professionnelle<\/b>, <b>claire<\/b>, <b>respectueuse<\/b> et <b>avec civilit\u00e9<\/b>"}]},{"category":"Respecter le personnel","rules":[{"rule":"Pour le bon d\u00e9roulement de l\u2019intervention, demeurez <b>attentif<\/b>, <b>\u00e9teignez vos cellulaires<\/b> et tout autre dispositif susceptible de vous distraire"},{"rule":"Toutes les formes de violence sont cat\u00e9goriquement <b>refus\u00e9es<\/b>, <b>inacceptables<\/b> et <b>interdites<\/b>"}]}],"show_teamab":true,"teamab_anchor":"","teamab_title":"\u00a0<b>D\u00e9couvrez<\/b> et <b>rejoignez<\/b> notre \u00e9quipe !","teamab_text":"Notre \u00e9quipe multidisciplinaire et multiethnique offre une \u00e9coute et un savoir-faire en plusieurs langues dans un contexte chaleureux et \u00e0 visage humain.","teamab_link1":{"title":"D\u00e9couvrir notre \u00e9quipe","url":"https:\/\/lamaisonnee.org\/fr\/equipe\/","target":""},"teamab_link2":{"title":"Voir nos offres d\u2019emploi","url":"https:\/\/lamaisonnee.org\/fr\/carrieres\/","target":""},"show_galleryab":true,"galleryab_anchor":"galeries","galleryab_list1":[68972,113029,5037,5792,5011,4236],"galleryab_list2":[113029,939,901,68972,952,366],"galleryab_link":{"title":"Acc\u00e9der \u00e0 la chaine Youtube","url":"https:\/\/www.youtube.com\/@lamaisonnee9538","target":"_blank"},"caab_members":[429,431,433,715,420,730,142495,142493,142494],"show_anchorsab":true,"anchorsab_anchor":"","anchorsab_list":[{"text":"Missions","anchor":"missions"},{"text":"Partenaires Majeurs","anchor":"partenaires"},{"text":"Mots des dirigeants","anchor":"mots-des-dirigeants"},{"text":"Conseil d'administration","anchor":"conseil-d-administration"},{"text":"Code \u00e9thique","anchor":"code-ethique"},{"text":"Galerie photos","anchor":"galeries"}]},"yoast_head":"<!-- This site is optimized with the Yoast SEO plugin v26.4 - https:\/\/yoast.com\/wordpress\/plugins\/seo\/ -->\n<title>\u00c0 propos - La Maisonn\u00e9e<\/title>\n<meta name=\"description\" content=\"La Maisonn\u00e9e est un organisme OBNL qui offre des services gratuits d\u2019accueil et d\u2019int\u00e9gration socioprofessionnelle aux nouveaux arrivants.\" \/>\n<meta name=\"robots\" content=\"index, follow, max-snippet:-1, max-image-preview:large, max-video-preview:-1\" \/>\n<link rel=\"canonical\" href=\"https:\/\/lamaisonnee.org\/fr\/a-propos-missions-partenaires\/\" \/>\n<meta property=\"og:locale\" content=\"fr_FR\" \/>\n<meta property=\"og:type\" content=\"article\" \/>\n<meta property=\"og:title\" content=\"\u00c0 propos - La Maisonn\u00e9e\" \/>\n<meta property=\"og:description\" content=\"La Maisonn\u00e9e est un organisme OBNL qui offre des services gratuits d\u2019accueil et d\u2019int\u00e9gration socioprofessionnelle aux nouveaux arrivants.\" \/>\n<meta property=\"og:url\" content=\"https:\/\/lamaisonnee.org\/fr\/a-propos-missions-partenaires\/\" \/>\n<meta property=\"og:site_name\" content=\"La Maisonn\u00e9e\" \/>\n<meta property=\"article:modified_time\" content=\"2025-10-28T14:17:57+00:00\" \/>\n<meta name=\"twitter:card\" content=\"summary_large_image\" \/>\n<script type=\"application\/ld+json\" class=\"yoast-schema-graph\">{\"@context\":\"https:\/\/schema.org\",\"@graph\":[{\"@type\":\"WebPage\",\"@id\":\"https:\/\/lamaisonnee.org\/fr\/a-propos-missions-partenaires\/\",\"url\":\"https:\/\/lamaisonnee.org\/fr\/a-propos-missions-partenaires\/\",\"name\":\"\u00c0 propos - La Maisonn\u00e9e\",\"isPartOf\":{\"@id\":\"https:\/\/lamaisonnee.org\/fr\/#website\"},\"datePublished\":\"2023-04-17T15:56:49+00:00\",\"dateModified\":\"2025-10-28T14:17:57+00:00\",\"description\":\"La Maisonn\u00e9e est un organisme OBNL qui offre des services gratuits d\u2019accueil et d\u2019int\u00e9gration socioprofessionnelle aux nouveaux arrivants.\",\"breadcrumb\":{\"@id\":\"https:\/\/lamaisonnee.org\/fr\/a-propos-missions-partenaires\/#breadcrumb\"},\"inLanguage\":\"fr-FR\",\"potentialAction\":[{\"@type\":\"ReadAction\",\"target\":[\"https:\/\/lamaisonnee.org\/fr\/a-propos-missions-partenaires\/\"]}]},{\"@type\":\"BreadcrumbList\",\"@id\":\"https:\/\/lamaisonnee.org\/fr\/a-propos-missions-partenaires\/#breadcrumb\",\"itemListElement\":[{\"@type\":\"ListItem\",\"position\":1,\"name\":\"Accueil\",\"item\":\"https:\/\/lamaisonnee.org\/fr\/\"},{\"@type\":\"ListItem\",\"position\":2,\"name\":\"\u00c0 propos\"}]},{\"@type\":\"WebSite\",\"@id\":\"https:\/\/lamaisonnee.org\/fr\/#website\",\"url\":\"https:\/\/lamaisonnee.org\/fr\/\",\"name\":\"La Maisonn\u00e9e\",\"description\":\"Aide aux immigrants\",\"potentialAction\":[{\"@type\":\"SearchAction\",\"target\":{\"@type\":\"EntryPoint\",\"urlTemplate\":\"https:\/\/lamaisonnee.org\/fr\/?s={search_term_string}\"},\"query-input\":{\"@type\":\"PropertyValueSpecification\",\"valueRequired\":true,\"valueName\":\"search_term_string\"}}],\"inLanguage\":\"fr-FR\"}]}<\/script>\n<!-- \/ Yoast SEO plugin. -->","yoast_head_json":{"title":"\u00c0 propos - La Maisonn\u00e9e","description":"La Maisonn\u00e9e est un organisme OBNL qui offre des services gratuits d\u2019accueil et d\u2019int\u00e9gration socioprofessionnelle aux nouveaux arrivants.","robots":{"index":"index","follow":"follow","max-snippet":"max-snippet:-1","max-image-preview":"max-image-preview:large","max-video-preview":"max-video-preview:-1"},"canonical":"https:\/\/lamaisonnee.org\/fr\/a-propos-missions-partenaires\/","og_locale":"fr_FR","og_type":"article","og_title":"\u00c0 propos - La Maisonn\u00e9e","og_description":"La Maisonn\u00e9e est un organisme OBNL qui offre des services gratuits d\u2019accueil et d\u2019int\u00e9gration socioprofessionnelle aux nouveaux arrivants.","og_url":"https:\/\/lamaisonnee.org\/fr\/a-propos-missions-partenaires\/","og_site_name":"La Maisonn\u00e9e","article_modified_time":"2025-10-28T14:17:57+00:00","twitter_card":"summary_large_image","schema":{"@context":"https:\/\/schema.org","@graph":[{"@type":"WebPage","@id":"https:\/\/lamaisonnee.org\/fr\/a-propos-missions-partenaires\/","url":"https:\/\/lamaisonnee.org\/fr\/a-propos-missions-partenaires\/","name":"\u00c0 propos - La Maisonn\u00e9e","isPartOf":{"@id":"https:\/\/lamaisonnee.org\/fr\/#website"},"datePublished":"2023-04-17T15:56:49+00:00","dateModified":"2025-10-28T14:17:57+00:00","description":"La Maisonn\u00e9e est un organisme OBNL qui offre des services gratuits d\u2019accueil et d\u2019int\u00e9gration socioprofessionnelle aux nouveaux arrivants.","breadcrumb":{"@id":"https:\/\/lamaisonnee.org\/fr\/a-propos-missions-partenaires\/#breadcrumb"},"inLanguage":"fr-FR","potentialAction":[{"@type":"ReadAction","target":["https:\/\/lamaisonnee.org\/fr\/a-propos-missions-partenaires\/"]}]},{"@type":"BreadcrumbList","@id":"https:\/\/lamaisonnee.org\/fr\/a-propos-missions-partenaires\/#breadcrumb","itemListElement":[{"@type":"ListItem","position":1,"name":"Accueil","item":"https:\/\/lamaisonnee.org\/fr\/"},{"@type":"ListItem","position":2,"name":"\u00c0 propos"}]},{"@type":"WebSite","@id":"https:\/\/lamaisonnee.org\/fr\/#website","url":"https:\/\/lamaisonnee.org\/fr\/","name":"La Maisonn\u00e9e","description":"Aide aux immigrants","potentialAction":[{"@type":"SearchAction","target":{"@type":"EntryPoint","urlTemplate":"https:\/\/lamaisonnee.org\/fr\/?s={search_term_string}"},"query-input":{"@type":"PropertyValueSpecification","valueRequired":true,"valueName":"search_term_string"}}],"inLanguage":"fr-FR"}]}},"_links":{"self":[{"href":"https:\/\/lamaisonnee.org\/fr\/wp-json\/wp\/v2\/pages\/117","targetHints":{"allow":["GET"]}}],"collection":[{"href":"https:\/\/lamaisonnee.org\/fr\/wp-json\/wp\/v2\/pages"}],"about":[{"href":"https:\/\/lamaisonnee.org\/fr\/wp-json\/wp\/v2\/types\/page"}],"author":[{"embeddable":true,"href":"https:\/\/lamaisonnee.org\/fr\/wp-json\/wp\/v2\/users\/2"}],"replies":[{"embeddable":true,"href":"https:\/\/lamaisonnee.org\/fr\/wp-json\/wp\/v2\/comments?post=117"}],"version-history":[{"count":46,"href":"https:\/\/lamaisonnee.org\/fr\/wp-json\/wp\/v2\/pages\/117\/revisions"}],"predecessor-version":[{"id":149909,"href":"https:\/\/lamaisonnee.org\/fr\/wp-json\/wp\/v2\/pages\/117\/revisions\/149909"}],"wp:attachment":[{"href":"https:\/\/lamaisonnee.org\/fr\/wp-json\/wp\/v2\/media?parent=117"}],"curies":[{"name":"wp","href":"https:\/\/api.w.org\/{rel}","templated":true}]}}