{"id":3155,"date":"2023-05-01T11:18:49","date_gmt":"2023-05-01T15:18:49","guid":{"rendered":"https:\/\/lamaisonnee.org\/benevolat-benevoles\/"},"modified":"2023-08-24T11:57:13","modified_gmt":"2023-08-24T15:57:13","slug":"volunteer","status":"publish","type":"page","link":"https:\/\/lamaisonnee.org\/en\/volunteer\/","title":{"rendered":"Volunteer"},"content":{"rendered":"","protected":false},"excerpt":{"rendered":"","protected":false},"author":2,"featured_media":0,"parent":0,"menu_order":8,"comment_status":"closed","ping_status":"closed","template":"page-templates\/template-benevole.php","meta":{"_acf_changed":false,"footnotes":""},"class_list":["post-3155","page","type-page","status-publish","hentry"],"acf":{"general_content":"","show_headerben":true,"headerben_anchor":"","headerben_title":"Contribute","headerben_text":"<p>As a Volunteer for La Maisonn\u00e9e, you will be able to <strong>support<\/strong> newly arrived families in Quebec. Note that your help will <strong>encourage their integration<\/strong>.<\/p>\n","headerben_img":"https:\/\/lamaisonnee.org\/wp-content\/uploads\/2023\/05\/Header_Benevolat.png","show_missionben":true,"missionben_anchor":"","missionben_title":"Volunteer missions","missionben_list":[{"title":"Homework assistance","missions":[{"mission":"Accompany and support students from 12 to 17 years old in their integration and studies"},{"mission":"Help them develop self-esteem"},{"mission":"Help them live their integration in their new environment and in the host society"},{"mission":"Give them an attentive listening"},{"mission":"Support them in their personal journey "},{"mission":"Offer homework assistance to welcoming class students once or twice a week"},{"mission":"Propose, develop and facilitate workshops of improvisation, initiation to rap, etc."},{"mission":"<i>The frequency of our activities depends on the number of registrations at each school stage<\/i>"}]},{"title":"Food bank","missions":[{"mission":"Every Wednesday La Maisonn\u00e9e distributes food to newcomers and residents of the neighbourhood who need the service"},{"mission":"Ensure that clients receive quality service"},{"mission":"Prepare the room where the service will take place (Basement of Saint-Ambroise Church)"},{"mission":"Get involved every Wednesday from 11:30am to 4pm"}]},{"title":"Receptionist","missions":[{"mission":"There is a good chance that the first person you will meet at La Maisonn\u00e9e will be the receptionist"},{"mission":"The first interaction for our customers is essential"},{"mission":"Welcome customers, notify team members of the arrival of customers and answer phone calls"},{"mission":"<i>This is an occasional volunteer offer<\/i>"}]},{"title":"Interpreter","missions":[{"mission":"Act as an interpreter when social service workers come into contact with clients born allophones"},{"mission":"Allow to learn more about clients needs"},{"mission":"Volunteers are always accompanied by a social worker during these interventions"},{"mission":"<i>This is an occasional volunteer offer<\/i>"}]},{"title":"Support during the intercultural festival at the end of the year","missions":[{"mission":"During this event, La Maisonn\u00e9e celebrates its successes, thanks the volunteers and invites all guests to celebrate!"},{"mission":"Prepare the reception room, pack gifts, welcome guests, serve them food, etc."}]},{"title":"Income tax return","missions":[{"mission":"Every year during the tax return period, La Maisonn\u00e9e offers a tax clinic service for eligible users for La Maisonn\u00e9e\u2019s services"},{"mission":"If you have studies and experience in accounting we invite you to contact us"}]}],"show_textmedben":true,"textmedben_anchor":"","textmedben_title":"Did you know that volunteering has many benefits? Of course!","textmedben_text":"<p>First of all, there are plenty of opportunities on the island of Montreal. Know that you will not have to look long to give your time to a cause that is dear to you.<\/p>\n<p>Being a volunteer means that you will come into contact with other volunteers who have the same values \u200b\u200bas you. It is very likely that you will create new friendships. Your volunteer experiences can also be added to your resume and they can allow you to practice a new language with your fellow volunteers. These are just a few of the benefits of volunteering.<\/p>\n<p class=\"intro-text\" style=\"font-size: 20px; font-family: 'Red Hat Display';\">But we must not forget that being a volunteer is first of all giving your time to people in need.<\/p>\n","textmedben_link":{"title":"Fill in the registration form","url":"https:\/\/docs.google.com\/forms\/d\/e\/1FAIpQLSfqAZ2O76hnfBxs6hXH_I2XLQs9b3i16e1UTR9ol0cz4g6g1A\/viewform","target":"_blank"},"textmedben_img":"https:\/\/lamaisonnee.org\/wp-content\/uploads\/2023\/05\/Img_Benevolat02.jpg","show_contributionben":true,"contributionben_anchor":"","contributionben_title":"Contribute","contributionben_list":[{"title":"Registration","text":"If you are interested in volunteering, it is possible to register via the registration form."},{"title":"First contact","text":"Once registered, we will contact you as soon as possible."},{"title":"Interview","text":"Following the first contact, an interview takes place with the worker in charge of volunteering.\r\n\r\nDuring this, you will be asked several questions relating to your interests and your availability, in addition to scenarios."},{"title":"Decision","text":"Finally, La Maisonn\u00e9e will contact you to let you know if your application has been accepted."}],"show_faqben":true,"faqben_anchor":"","faqben_title":"More information?","faqben_link":{"title":"Discover our main FAQ","url":"https:\/\/lamaisonnee.org\/en\/faq\/","target":""},"faqben_list":[{"title":"Can I volunteer during evenings and weekends?","text":"Most volunteering at La Maisonn\u00e9e takes place between 9 a.m. and 5 p.m. Monday to Friday at our offices. However, it may happen that specific exceptional activities with our customers take place in the evenings or even on weekends."},{"title":"I am currently an asylum seeker. Can I volunteer at your organization? ","text":"Absolutely, whether you are a Canadian citizen, permanent resident, asylum seeker, foreign student or temporary worker, you can volunteer with us."},{"title":"Can I get involved in several volunteer activities? ","text":"Of course! If you have time, you can get involved in several volunteer missions. For example, you could get involved as an interpreter, but also at the food bank. The possibilities are limitless!"},{"title":"Do I have to get involved as a volunteer for a minimum period?","text":"You can volunteer at La Maisonn\u00e9e for as long as you wish or even help us with a single activity. Everything is possible. What is important is to respect your commitments and notify us as soon as possible if you cannot participate in one of our activities."}]},"yoast_head":"<!-- This site is optimized with the Yoast SEO plugin v26.4 - https:\/\/yoast.com\/wordpress\/plugins\/seo\/ -->\n<title>Volunteer - La Maisonn\u00e9e<\/title>\n<meta name=\"description\" content=\"Vous souhaitez vous impliquer ? En tant que b\u00e9n\u00e9vole pour la Maisonn\u00e9e, vous pourrez apporter votre soutien \u00e0 de nombreuses familles.\" \/>\n<meta name=\"robots\" content=\"index, follow, max-snippet:-1, max-image-preview:large, max-video-preview:-1\" \/>\n<link rel=\"canonical\" href=\"https:\/\/lamaisonnee.org\/en\/volunteer\/\" \/>\n<meta property=\"og:locale\" content=\"en_US\" \/>\n<meta property=\"og:type\" content=\"article\" \/>\n<meta property=\"og:title\" content=\"Volunteer - La Maisonn\u00e9e\" \/>\n<meta property=\"og:description\" content=\"Vous souhaitez vous impliquer ? En tant que b\u00e9n\u00e9vole pour la Maisonn\u00e9e, vous pourrez apporter votre soutien \u00e0 de nombreuses familles.\" \/>\n<meta property=\"og:url\" content=\"https:\/\/lamaisonnee.org\/en\/volunteer\/\" \/>\n<meta property=\"og:site_name\" content=\"La Maisonn\u00e9e\" \/>\n<meta property=\"article:modified_time\" content=\"2023-08-24T15:57:13+00:00\" \/>\n<meta name=\"twitter:card\" content=\"summary_large_image\" \/>\n<script type=\"application\/ld+json\" class=\"yoast-schema-graph\">{\"@context\":\"https:\/\/schema.org\",\"@graph\":[{\"@type\":\"WebPage\",\"@id\":\"https:\/\/lamaisonnee.org\/en\/volunteer\/\",\"url\":\"https:\/\/lamaisonnee.org\/en\/volunteer\/\",\"name\":\"Volunteer - La Maisonn\u00e9e\",\"isPartOf\":{\"@id\":\"https:\/\/lamaisonnee.org\/en\/#website\"},\"datePublished\":\"2023-05-01T15:18:49+00:00\",\"dateModified\":\"2023-08-24T15:57:13+00:00\",\"description\":\"Vous souhaitez vous impliquer ? En tant que b\u00e9n\u00e9vole pour la Maisonn\u00e9e, vous pourrez apporter votre soutien \u00e0 de nombreuses familles.\",\"breadcrumb\":{\"@id\":\"https:\/\/lamaisonnee.org\/en\/volunteer\/#breadcrumb\"},\"inLanguage\":\"en-US\",\"potentialAction\":[{\"@type\":\"ReadAction\",\"target\":[\"https:\/\/lamaisonnee.org\/en\/volunteer\/\"]}]},{\"@type\":\"BreadcrumbList\",\"@id\":\"https:\/\/lamaisonnee.org\/en\/volunteer\/#breadcrumb\",\"itemListElement\":[{\"@type\":\"ListItem\",\"position\":1,\"name\":\"Accueil\",\"item\":\"https:\/\/lamaisonnee.org\/en\/\"},{\"@type\":\"ListItem\",\"position\":2,\"name\":\"Volunteer\"}]},{\"@type\":\"WebSite\",\"@id\":\"https:\/\/lamaisonnee.org\/en\/#website\",\"url\":\"https:\/\/lamaisonnee.org\/en\/\",\"name\":\"La Maisonn\u00e9e\",\"description\":\"Aide aux immigrants\",\"potentialAction\":[{\"@type\":\"SearchAction\",\"target\":{\"@type\":\"EntryPoint\",\"urlTemplate\":\"https:\/\/lamaisonnee.org\/en\/?s={search_term_string}\"},\"query-input\":{\"@type\":\"PropertyValueSpecification\",\"valueRequired\":true,\"valueName\":\"search_term_string\"}}],\"inLanguage\":\"en-US\"}]}<\/script>\n<!-- \/ Yoast SEO plugin. -->","yoast_head_json":{"title":"Volunteer - La Maisonn\u00e9e","description":"Vous souhaitez vous impliquer ? En tant que b\u00e9n\u00e9vole pour la Maisonn\u00e9e, vous pourrez apporter votre soutien \u00e0 de nombreuses familles.","robots":{"index":"index","follow":"follow","max-snippet":"max-snippet:-1","max-image-preview":"max-image-preview:large","max-video-preview":"max-video-preview:-1"},"canonical":"https:\/\/lamaisonnee.org\/en\/volunteer\/","og_locale":"en_US","og_type":"article","og_title":"Volunteer - La Maisonn\u00e9e","og_description":"Vous souhaitez vous impliquer ? En tant que b\u00e9n\u00e9vole pour la Maisonn\u00e9e, vous pourrez apporter votre soutien \u00e0 de nombreuses familles.","og_url":"https:\/\/lamaisonnee.org\/en\/volunteer\/","og_site_name":"La Maisonn\u00e9e","article_modified_time":"2023-08-24T15:57:13+00:00","twitter_card":"summary_large_image","schema":{"@context":"https:\/\/schema.org","@graph":[{"@type":"WebPage","@id":"https:\/\/lamaisonnee.org\/en\/volunteer\/","url":"https:\/\/lamaisonnee.org\/en\/volunteer\/","name":"Volunteer - La Maisonn\u00e9e","isPartOf":{"@id":"https:\/\/lamaisonnee.org\/en\/#website"},"datePublished":"2023-05-01T15:18:49+00:00","dateModified":"2023-08-24T15:57:13+00:00","description":"Vous souhaitez vous impliquer ? En tant que b\u00e9n\u00e9vole pour la Maisonn\u00e9e, vous pourrez apporter votre soutien \u00e0 de nombreuses familles.","breadcrumb":{"@id":"https:\/\/lamaisonnee.org\/en\/volunteer\/#breadcrumb"},"inLanguage":"en-US","potentialAction":[{"@type":"ReadAction","target":["https:\/\/lamaisonnee.org\/en\/volunteer\/"]}]},{"@type":"BreadcrumbList","@id":"https:\/\/lamaisonnee.org\/en\/volunteer\/#breadcrumb","itemListElement":[{"@type":"ListItem","position":1,"name":"Accueil","item":"https:\/\/lamaisonnee.org\/en\/"},{"@type":"ListItem","position":2,"name":"Volunteer"}]},{"@type":"WebSite","@id":"https:\/\/lamaisonnee.org\/en\/#website","url":"https:\/\/lamaisonnee.org\/en\/","name":"La Maisonn\u00e9e","description":"Aide aux immigrants","potentialAction":[{"@type":"SearchAction","target":{"@type":"EntryPoint","urlTemplate":"https:\/\/lamaisonnee.org\/en\/?s={search_term_string}"},"query-input":{"@type":"PropertyValueSpecification","valueRequired":true,"valueName":"search_term_string"}}],"inLanguage":"en-US"}]}},"_links":{"self":[{"href":"https:\/\/lamaisonnee.org\/en\/wp-json\/wp\/v2\/pages\/3155","targetHints":{"allow":["GET"]}}],"collection":[{"href":"https:\/\/lamaisonnee.org\/en\/wp-json\/wp\/v2\/pages"}],"about":[{"href":"https:\/\/lamaisonnee.org\/en\/wp-json\/wp\/v2\/types\/page"}],"author":[{"embeddable":true,"href":"https:\/\/lamaisonnee.org\/en\/wp-json\/wp\/v2\/users\/2"}],"replies":[{"embeddable":true,"href":"https:\/\/lamaisonnee.org\/en\/wp-json\/wp\/v2\/comments?post=3155"}],"version-history":[{"count":6,"href":"https:\/\/lamaisonnee.org\/en\/wp-json\/wp\/v2\/pages\/3155\/revisions"}],"predecessor-version":[{"id":3468,"href":"https:\/\/lamaisonnee.org\/en\/wp-json\/wp\/v2\/pages\/3155\/revisions\/3468"}],"wp:attachment":[{"href":"https:\/\/lamaisonnee.org\/en\/wp-json\/wp\/v2\/media?parent=3155"}],"curies":[{"name":"wp","href":"https:\/\/api.w.org\/{rel}","templated":true}]}}